{"id":30937,"date":"2020-08-04T10:17:33","date_gmt":"2020-08-04T10:17:33","guid":{"rendered":"https:\/\/sebastus.com\/general-terms-conditions-of-use\/"},"modified":"2022-10-16T12:53:26","modified_gmt":"2022-10-16T12:53:26","slug":"geschaftsbedingungen","status":"publish","type":"page","link":"https:\/\/sebastus.com\/de\/geschaftsbedingungen\/","title":{"rendered":"Allgemeine Gesch\u00e4ftsbedingungen"},"content":{"rendered":"\n<ol class=\"wp-block-list\"><li><strong>Die Parteien<\/strong><\/li><\/ol>\n\n\n\n<ul class=\"wp-block-list\"><li>1.1 Diese Allgemeinen Gesch\u00e4fts- und Nutzungsbedingungen (nachfolgend Allgemeine Gesch\u00e4ftsbedingungen genannt) regeln die gegenseitigen Rechte und Pflichten im Zusammenhang mit den von dem Unternehmen Sebastus Sailing d.o.o. (nachfolgend Sebastus Sailing genannt) angebotenen Dienstleistungen, USt-IdNr.: HR06001546604, Ul. Franje Petra\u010di\u0107a 6, 10 000 Zagreb, Kroatien, d. h. sebastus.com (nachfolgend Webseite genannt) oder alle weiteren Webseiten von Sebastus Sailing d.o.o.<\/li><li>1.2 Nutzer: definiert als jeder Besucher, jede nat\u00fcrliche oder ordnungsgem\u00e4\u00df vertretene juristische Person, die auf die Webseite zugreift, um nach Informationen \u00fcber die Dienstleistungen und Angebote des Bootsbetreibers zu suchen. Nutzer nutzen den Service, um ein Boot zu buchen. W\u00f6rter und Begriffe, die in diesen Allgemeinen Gesch\u00e4ftsbedingungen verwendet werden und geschlechtsspezifische Bedeutungen haben, gelten gleicherma\u00dfen f\u00fcr jedes Geschlecht, unabh\u00e4ngig davon, in welchem Geschlecht sie verwendet werden. Ein Minderj\u00e4hriger (eine Person unter 18 Jahren) kann keine Buchung vornehmen.<\/li><li>Der Nutzer erkl\u00e4rt in alleiniger Verantwortung, dass er ein Erwachsener ist und dass alle zur Verf\u00fcgung gestellten personenbezogenen Daten wahr und korrekt sind. Der Nutzer garantiert, dass er rechtlich befugt ist, das von Sebastus Sailing bereitgestellte Buchungsformular in eigenem Namen oder f\u00fcr andere, in deren Namen er handlungsberechtigt ist, zu unterzeichnen. Der Nutzer verpflichtet sich, die Allgemeinen Gesch\u00e4ftsbedingungen einzuhalten und akzeptiert, dass sie f\u00fcr ihn gelten.<\/li><li>1.3 Sebastus Sailing beh\u00e4lt sich das Recht vor, jeden Nutzer, der falsche Informationen \u00fcber sich eingibt, ohne vorherige Ank\u00fcndigung zu l\u00f6schen.<\/li><li>1.4 Buchung: Jede vom Betreiber auf einer Webseite angebotene Buchung des Bootes, die vom<br>Benutzer vorgenommen wird.<\/li><li>1.5 Kaution: Der Geldbetrag, den der Benutzer bei der Buchung eines Bootes zahlen muss. Die Kaution wird dem Benutzer nach Abschluss des Segelns zur\u00fcckerstattet, au\u00dfer im Falle von Sch\u00e4den am Boot, die vom Benutzer verursacht werden und in anderen von dem jeweiligen Betreiber angegeben F\u00e4llen.<\/li><li>1.6 Der Preis ist der Gesamtpreis der Dienstleistung, den der Benutzer f\u00fcr die Buchung eines Bootes bezahlt.<\/li><li>1.7 Betreiber: Eine unbeschr\u00e4nkt gesch\u00e4ftsf\u00e4hige Person oder eine ordnungsgem\u00e4\u00df vertretene juristische Person, die rechtm\u00e4\u00dfiger und wirtschaftlicher Eigent\u00fcmer des Bootes ist oder vom rechtm\u00e4\u00dfigen und wirtschaftlichen Eigent\u00fcmer des Bootes erm\u00e4chtigt wurde oder einer Person die das ausschlie\u00dfliche uneingeschr\u00e4nkte Recht erhalten hat, das Boot zu benutzen und es auf die Webseite zu ver\u00f6ffentlichen, damit der Benutzer eine Buchung vornehmen kann. Sebastus Sailing hat mit den Betreibern spezifische Kooperationsvereinbarungen zur Erbringung von Dienstleistungen f\u00fcr die Buchung eines Bootes geschlossen.<\/li><li>1.8 Boot\/ Schiff: Boote, Segelboote, Katamarane, Schnellboote, Yachten, Gulets, Trimarane und jede andere Art von See- oder Flussschiffe des angegebenen Betreibers, die auf die Webseite ver\u00f6ffentlicht wurden, damit Benutzer Buchungen vornehmen k\u00f6nnen. Sebastus Sailing ist ein Vermittler f\u00fcr die Buchung dieser Schiffe, die auf die Webseite von Sebastus Sailing ver\u00f6ffentlicht werden. Zus\u00e4tzliche Dienstleistungen, die sich auf Boote beziehen (z. B. Reinigung, Skipper usw.), k\u00f6nnen, m\u00fcssen aber nicht in der Dienstleistung inbegriffen sein, und werden auf der Webseite jedes Bootes aufgef\u00fchrt.<\/li><\/ul>\n\n\n\n<ol class=\"wp-block-list\" start=\"2\"><li><strong>Nutzungsbedingungen der Dienstleistung<\/strong><\/li><\/ol>\n\n\n\n<ul class=\"wp-block-list\"><li>2.1 Sebastus Sailing bietet Freizeit-Bootcharter-Dienstleistungen und andere damit verbundene Dienstleistungen und Produkte. Sebastus Sailing fungiert als Vermittler zwischen dem Benutzer und dem Betreiber f\u00fcr die Buchung von Schiffen. Schiffe befinden sich in den Flotten verschiedener Betreiber. Der Benutzer best\u00e4tigt, dass er diesen Allgemeinen Gesch\u00e4ftsbedingungen zustimmt, wenn er eine Anfrage sendet oder wenn er die Kaution zahlt.<\/li><li>2.2 Der Buchungsservice steht ausschlie\u00dflich Erwachsenen und unbeschr\u00e4nkt gesch\u00e4ftsf\u00e4higen Personen oder zur Vertretung einer juristischen Person berechtigten Personen zur Verf\u00fcgung, was sie mit der Buchung best\u00e4tigen.<\/li><li>2.3 Der Benutzer, der eine Anfrage sendet oder eine Sofortbuchung macht, erkl\u00e4rt sich damit einverstanden, dass Sebastus Sailing seine personenbezogenen Daten zum Zweck der Buchung des Schiffes verwendet, und zwar in \u00dcbereinstimmung mit der Datenschutz-Grundverordnung (DSGVO) und anderen relevanten Verordnungen. Sebastus Sailing verwendet die personenbezogenen Daten des Benutzers nur f\u00fcr den Zweck, f\u00fcr den sie erhoben wurden. Die personenbezogenen Daten des Benutzers m\u00fcssen dem Betreiber zum Zweck der Durchf\u00fchrung der Buchung des Bootes zur Verf\u00fcgung gestellt werden.<\/li><li>2.4 Newsletter und Werbeangebote werden nur an Benutzer gesendet, die zustimmen, diese Benachrichtigungen zu erhalten. Der Benutzer kann diese Zustimmung jederzeit widerrufen. Weitere Informationen zum Datenschutz finden Sie auf der Seite der Datenschutzrichtlinie.<\/li><\/ul>\n\n\n\n<ol class=\"wp-block-list\" start=\"3\"><li><strong>Dienstleistung<\/strong><\/li><\/ol>\n\n\n\n<ul class=\"wp-block-list\"><li>3.1 Sebastus Sailing stellt \u00fcber eine Webseite eine Internetplattform zur Verf\u00fcgung, auf der die Betreiber ihre Boote zur Buchung anbieten k\u00f6nnen. Der Betreiber kann selbstst\u00e4ndig den Preis stellen, die Verf\u00fcgbarkeit f\u00fcr die Buchung seiner Boote aktualisieren, anstehende Buchungen verwalten, eine Buchungsanfrage erhalten, Bewertungen f\u00fcr seine Dienstleistungen erhalten, seine Allgemeinen Gesch\u00e4ftsbedingungen und andere Informationen ver\u00f6ffentlichen, wie in diesen Allgemeinen Gesch\u00e4ftsbedingungen beschrieben, \u00fcber die Webseite oder \u00fcber fremde Webseiten.<\/li><li>3.2 Der Benutzer kann ein bestimmtes Boot \u00fcber die Webseite buchen. Durch die Buchung des Bootes \u00fcber die Webseite geht jeder Benutzer ein Vertragsverh\u00e4ltnis mit einem bestimmten Betreiber ein. Sebastus Sailing oder die Webseite ist ein Vermittler zwischen dem Benutzer und dem Betreiber, handelt im Namen und im Auftrag des Betreibers. Sebastus Sailing \u00fcbertr\u00e4gt die Details der Buchung an den Betreiber und sendet eine E-Mail-Best\u00e4tigung der Buchung an den Betreiber. Die auf der Webseite angezeigten Informationen erh\u00e4lt Sebastus Sailing direkt vom Betreiber oder \u00fcber vom Betreiber autorisierte fremde Webseiten. Die Betreiber sind in vollem Umfang f\u00fcr die Aktualisierung aller auf der Webseite angezeigten Tarife, Verf\u00fcgbarkeiten und anderen Informationen verantwortlich. Sebastus Sailing ist nur f\u00fcr die Kontaktaufnahme zwischen dem Benutzer und dem Betreiber verantwortlich. Sebastus Sailing haftet nicht f\u00fcr die Nichterf\u00fcllung der Dienstleistungen oder f\u00fcr die hervorragende Erbringung von Dienstleistungen, die ein Teil der Vereinbarung zwischen dem Betreiber und dem Benutzer sind. Jeder Betreiber haftet f\u00fcr die Richtigkeit der auf der Webseite angezeigten Informationen (einschlie\u00dflich Preisgestaltung und Verf\u00fcgbarkeit).<\/li><li>3.3 Wenn ein Benutzer ein Boot bei einem einzelnen Betreiber \u00fcber die Webseite bucht, muss er im n\u00e4chsten Schritt die Buchung best\u00e4tigen. Nach der Best\u00e4tigung der Buchung ist der Benutzer an diese Buchung, sowie an die Bedingungen der Vereinbarung mit einem einzelnen Betreiber gebunden, die auf diese Buchung angewendet werden, sowie an Zahlungsbedingungen, Stornierungen und andere Angelegenheiten. Sebastus Sailing ist keine Partei in der Vereinbarung und er ist nicht an die Bedingungen dieser Vereinbarung gebunden.<\/li><\/ul>\n\n\n\n<ol class=\"wp-block-list\" start=\"4\"><li><strong>Rechte und Pflichten<\/strong><\/li><\/ol>\n\n\n\n<ul class=\"wp-block-list\"><li>4.1 Sebastus Sailing fungiert als Vermittler zwischen dem Benutzer und Betreiber. Sebastus Sailing ist verpflichtet, eine Dienstleistung zu erbringen, die mit den im Buchungsformular angegebenen Buchungsinformationen \u00fcbereinstimmt. Sebastus Sailing ist verpflichtet, dem Benutzer zu helfen, ein Boot zu finden, das seinen Bed\u00fcrfnissen entspricht, und dem Benutzer mit dem Buchungsvorgang zu helfen, indem er dem Benutzer alle relevanten Informationen \u00fcber die Unterkunft auf dem Boot, die Routen und m\u00f6gliche zus\u00e4tzliche Dienstleistungen zur Verf\u00fcgung stellt, wenn der Benutzer daran interessiert ist. Sebastus Sailing ist verpflichtet, die erforderlichen Dokumente mit Zustimmung des Benutzers zu sammeln und den Betreiber \u00fcber diese Dokumente zu informieren, um seine Rolle gem\u00e4\u00df dem Vertrag, den Sebastus Sailing mit dem Betreiber unterzeichnet hat, zu erf\u00fcllen.<\/li><li>4.2 Sebastus Sailing erh\u00e4lt die Zahlung, die vom Benutzer geleistet wurde im Namen und im Auftrag des Betreibers, der die Dienstleistung erbringt, einschlie\u00dflich aller zus\u00e4tzlichen Dienstleistungen, die vom Benutzer im Buchungsformular auf der Webseite angegeben sind. Zus\u00e4tzliche Dienstleistungen werden gem\u00e4\u00df der Preisliste des Betreibers verrechnet. Sebastus Sailing \u00fcbertr\u00e4gt die Zahlung an den Betreiber entsprechend den Bedingungen, die mit einem bestimmten Vercharterer festgelegt wurden. Sebastus Sailing erh\u00e4lt eine Vermittlungsprovision.<br>4.3 Nachdem der Benutzer den Preis der Dienstleistung bezahlt hat, wird Sebastus Sailing ihm eine Best\u00e4tigung \u00fcber die Zahlung der vertraglich vereinbarten Dienstleistungen zur Verf\u00fcgung stellen.<\/li><li>4.4 Der Benutzer ist verpflichtet, genaue und wahrheitsgem\u00e4\u00dfe Angaben zu den im Buchungsformular angeforderten Angaben zu machen, sowie in jeder anderen Form, die er f\u00fcr die vertragsgem\u00e4\u00dfe Erbringung der Dienstleistungen auszuf\u00fcllen hat. Der Benutzer ist verpflichtet, Sebastus Sailing alle Informationen zur Verf\u00fcgung zu stellen, die zum Zwecke des Abschlusses des Vertragsverh\u00e4ltnisses und der ordnungsgem\u00e4\u00dfen Erbringung der Dienstleistung angefordert werden k\u00f6nnen. Der Benutzer erkl\u00e4rt sich damit einverstanden, dass Sebastus Sailing die Richtigkeit der personenbezogenen Daten und anderer bereitgestellter Informationen \u00fcberpr\u00fcft, und verpflichtet sich zur Zusammenarbeit mit Sebastus Sailing w\u00e4hrend dieser \u00dcberpr\u00fcfung. Der Benutzer erkl\u00e4rt sich auch damit einverstanden, dass Sebastus Sailing diese Informationen an den Betreiber weitergibt, damit es die gebuchte Dienstleistung erbringen kann.<\/li><li>4.5 Der Benutzer ist f\u00fcr die vollst\u00e4ndige Bezahlung der vertraglich vereinbarten Dienstleistungen unter Beachtung der im Vertrag festgelegten Verfahren, Fristen und Mengen verantwortlich.<\/li><li>4.6 Der Betreiber ist verpflichtet, daf\u00fcr zu sorgen, dass das Boot, das dem Benutzer \u00fcbergeben wird, gewartet und segelbereit ist. Der Betreiber ist verpflichtet, dem Benutzer seinen Boot mit vollem Tank zu \u00fcbergeben, und der Benutzer ist verpflichtet, das Boot auch mit vollem Tank zur\u00fcckzugeben. Wenn der Benutzer das Boot nicht betankt, kann der Betreiber ihm eine Geb\u00fchr in Rechnung stellen, die in den Bedingungen des Betreibers aufgef\u00fchrt ist.<\/li><li>4.7 Der Benutzer erkl\u00e4rt sich ausdr\u00fccklich damit einverstanden, dass er diese Dienstleistungen korrekt und in \u00dcbereinstimmung mit den geltenden Gesetzen, Vorschriften und gem\u00e4\u00df den vorliegenden Allgemeinen Gesch\u00e4ftsbedingungen nutzen wird. Der Benutzer \u00fcbernimmt alle Verantwortlichkeiten, die sich aus der unsachgem\u00e4\u00dfen Nutzung der Dienstleistungen und Verst\u00f6\u00dfen gegen die Allgemeinen Gesch\u00e4ftsbedingungen, Gesetze und Vorschriften ergeben k\u00f6nnen.<\/li><\/ul>\n\n\n\n<ol class=\"wp-block-list\" start=\"5\"><li><strong>Kaution<\/strong><\/li><\/ol>\n\n\n\n<ul class=\"wp-block-list\"><li>5.1 Die Kaution ist f\u00fcr alle Boote erforderlich. Der Betreiber bestimmt den Betrag der Kaution, die der Benutzer zu zahlen hat. Die Kaution muss vor der \u00dcbernahme des Bootes bezahlt werden. Eine Kaution ist eine Art Garantie f\u00fcr den Betreiber, dass der Benutzer und andere G\u00e4ste auf dem Boot das Boot sorgf\u00e4ltig benutzen und Sch\u00e4den vermeiden werden.<\/li><li>5.2 Der Betreiber pr\u00fcft das Boot nach dem Segeln. Die Kaution wird dem Benutzer in voller H\u00f6he zur\u00fcckerstattet, wenn der Benutzer keinen Schaden am Boot verursacht hat, keine Ausr\u00fcstung verloren hat, rechtzeitig zur\u00fcckgekehrt ist und gegen keine andere vom Betreiber festgelegte Regel versto\u00dfen hat.<br>Wenn der Benutzer oder einer seiner G\u00e4ste versehentlich oder fahrl\u00e4ssig Sch\u00e4den verursacht hat (z. B. Versp\u00e4tung bei der R\u00fcckkehr zur Basis usw.), wird die Kaution dem Benutzer teilweise\/ in voller H\u00f6he nicht zur\u00fcckerstattet, da es erforderlich ist, den verursachten Schaden zu ersetzen.<\/li><\/ul>\n\n\n\n<ol class=\"wp-block-list\" start=\"6\"><li><strong>Zahlung<\/strong><\/li><\/ol>\n\n\n\n<ul class=\"wp-block-list\"><li>6.1 F\u00fcr alle Zahlungen \u00fcber die Webseite von Sebastus Sailing verwenden Sie Bank\u00fcberweisung (direkte \u00dcberweisung von Geld von einem Konto auf ein anderes) in \u00dcbereinstimmung mit dem Betrag und Anweisungen in den Allgemeinen Gesch\u00e4ftsbedingungen und dem Angebot.<\/li><\/ul>\n\n\n\n<ul class=\"wp-block-list\"><li>6.2 Die Zahlung f\u00fcr die Buchung sollte wie unten angegeben erfolgen:<\/li><\/ul>\n\n\n\n<p>\u2022 F\u00fcr Buchungen, bei denen die Anmeldung (Check-in) in mehr als 30 Tagen erfolgt: Der Benutzer hat die Wahl,<\/p>\n\n\n\n<ol class=\"wp-block-list\"><li>entweder 100 % der vollen Buchungsgeb\u00fchr sofort nach Best\u00e4tigung einer bestimmten Buchung durch den Betreiber zu zahlen<\/li><li>oder 50 % der vollen Buchungsgeb\u00fchr sofort nach der Best\u00e4tigung bestimmter Buchung durch den Betreiber zu zahlen, und der Restbetrag innerhalb der im Vertrag festgelegten Frist zu zahlen (in den meisten F\u00e4llen liegt dieser Zeitraum zwischen 50 und 30 Tage vor dem Check-in).<\/li><\/ol>\n\n\n\n<p>\u2022 Der Zahlungszeitraum kann je nach den Bedingungen der Vereinbarung mit dem Betreiber variieren. Alle Details, die die Frist bestimmen, werden in der Vereinbarung zwischen dem Benutzer und dem Betreiber beschrieben.<\/p>\n\n\n\n<ul class=\"wp-block-list\"><li>6.3 Bei den Buchungen, bei denen das Check-in innerhalb 30 Tage erfolgt: Der Benutzer ist verpflichtet, sofort 100 % der Geb\u00fchr zu zahlen (sofern nicht anders zwischen dem Betreiber und dem Benutzer vereinbart wurde).<\/li><\/ul>\n\n\n\n<ul class=\"wp-block-list\"><li>6.4 Wenn der Benutzer keine Kaution leistet, hat Sebastus Sailing oder der Betreiber das Recht, die Dienstleistung ohne Verpflichtung zur R\u00fcckerstattung der zuvor gezahlten Betr\u00e4ge zu k\u00fcndigen.<\/li><\/ul>\n\n\n\n<ol class=\"wp-block-list\" start=\"7\"><li><strong>Stornierungsrichtlinien<\/strong><\/li><\/ol>\n\n\n\n<ul class=\"wp-block-list\"><li>7.1 Wenn der Benutzer seine Buchung storniert, sollte er bedenken, dass die R\u00fcckerstattungen m\u00f6glicherweise \u00fcberhaupt nicht gew\u00e4hrt werden. Der Benutzer kann ein bestimmtes Boot \u00fcber die Webseite buchen. Sebastus Sailing und der Betreiber raten den Benutzer, die Bedingungen des Betreibers vor der Buchung zu lesen, da die R\u00fcckgabe des Zahlungsbetrags von den Allgemeinen Gesch\u00e4ftsbedingungen des Betreibers f\u00fcr die Stornierung abh\u00e4ngt. Die R\u00fcckerstattung liegt in der Verantwortung des Betreibers. Sebastus Sailing ist nicht verantwortlich, wenn der Betreiber die R\u00fcckzahlung der Zahlung verweigert.<\/li><li>7.2 K\u00fcndigung durch den Benutzer<br>Wenn der Benutzer die Dienstleistung aus irgendeinem Grund k\u00fcndigen m\u00f6chte, muss er Sebastus Sailing per E-Mail oder Telefon, ohne Verz\u00f6gerung zu benachrichtigen.<br>Die Zahlungsverpflichtungen im Falle einer K\u00fcndigung werden individuell in Abh\u00e4ngigkeit von den Stornierungsbedingungen des Betreibers, mit dem der Vertrag geschlossen wird, festgelegt.<\/li><li>7.3 K\u00fcndigung durch den Betreiber<br>Wenn die Buchung aufgrund eines Verschuldens des Betreibers storniert wird, zum Beispiel aufgrund von Sch\u00e4den am gebuchten Schiff oder anderen unvorhersehbaren Umst\u00e4nden auf dem Schiff, muss der Benutzer diese Schwierigkeiten mit dem Betreiber gem\u00e4\u00df den geltenden Bestimmungen des jeweiligen Betreibers l\u00f6sen.<br>In den meisten F\u00e4llen werden die Schwierigkeiten auf eine der folgenden Arten gel\u00f6st:<br>\u2022 Buchung eines Schiffes mit \u00e4hnlicher Ausstattung und Gr\u00f6\u00dfe, das sich in derselben Flotte befindet oder<br>\u2022 R\u00fcckerstattung des f\u00fcr das Schiff erhaltenen Betrags.<br>Der Benutzer akzeptiert die M\u00f6glichkeit der Zusammenarbeit und der Suche nach der bestm\u00f6glichen L\u00f6sung, wenn das Schiff w\u00e4hrend des vorherigen Segelns oder h\u00f6herer Gewalt (vis maior) besch\u00e4digt wird. In diesen F\u00e4llen gelten weder Sebastus Sailing noch der Betreiber als verantwortlich.<\/li><\/ul>\n\n\n\n<ol class=\"wp-block-list\" start=\"8\"><li><strong>Check-in und Check-out<\/strong><\/li><\/ol>\n\n\n\n<ul class=\"wp-block-list\"><li>8.1 Der Betreiber ist verpflichtet, dem Benutzer ein fahrbereites Schiff zu \u00fcbergeben. Das ist ein sauberes, technisch korrektes Schiff, Ausr\u00fcstung gem\u00e4\u00df Inventarliste, mit vollem Wasser- und Kraftstofftank.<\/li><li>8.2 Der Benutzer ist verpflichtet, das gebuchte Schiff vom Betreiber am vereinbarten Einschiffungshafen zu nehmen und zu \u00fcberpr\u00fcfen, ob das Schiff in \u00dcbereinstimmung mit der Vereinbarung ist.<\/li><li>8.3 Am Einschiffungshafen ist der Benutzer verpflichtet, dem Betreiber die folgenden Unterlagen vorzulegen: g\u00fcltiger Personalausweis oder Reisepass, Bordkarte (falls vom Betreiber verlangt) und Segelschein, wenn er ein Boot allein betreiben m\u00f6chte.<\/li><li>8.4 Der Nutzer ist verpflichtet, das Schiff zum Ausschiffungshafen zur\u00fcckzubringen. Wenn der Benutzer dies nicht einh\u00e4lt oder das Schiff in einen Hafen zur\u00fcckbringt, der kein Ausschiffungshafen ist, ist der Benutzer verpflichtet, alle Kosten zu tragen, die im Zusammenhang mit dem Transfer des Bootes anfallen, und in den Betreiberbedingungen ist auch eine zus\u00e4tzliche Vertragsstrafe vorgesehen. Benutzer m\u00fcssen das Schiff mit einem vollen Kraftstofftank zur\u00fcckgeben.<\/li><\/ul>\n\n\n\n<ol class=\"wp-block-list\" start=\"9\"><li><strong>Gerichtsstand<\/strong><\/li><\/ol>\n\n\n\n<ul class=\"wp-block-list\"><li>9.1 Die Parteien sind bestrebt, Streitigkeiten friedlich zu l\u00f6sen.<\/li><li>9.2 Soweit gesetzlich zul\u00e4ssig, sind diese Allgemeinen Gesch\u00e4ftsbedingungen und die Erbringung unserer Dienstleistungen in \u00dcbereinstimmung mit den Gesetzen in Kroatien ausgelegt und geregelt, und beide Parteien sind mit der Zust\u00e4ndigkeit der kroatischen Gerichte einverstanden.<\/li><\/ul>\n\n\n\n<ol class=\"wp-block-list\" start=\"10\"><li><strong>Sonstiges<\/strong><\/li><\/ol>\n\n\n\n<ul class=\"wp-block-list\"><li>10.1 Sebastus Sailing ist berechtigt, seine Rechte aus diesen Allgemeinen Gesch\u00e4ftsbedingungen direkt und im eigenen Namen geltend zu machen.<\/li><li>10.2 Der Benutzer und der Betreiber best\u00e4tigen, dass Sebastus Sailing weder verantwortlich noch haftbar f\u00fcr \u00c4nderungen, Aussetzungen oder die Einstellung der auf dieser Webseite bereitgestellten Dienstleistungen ist. Sebastus Sailing garantiert nicht, dass der vom Betreiber bereitgestellte Dienstleistung den Bed\u00fcrfnissen der Benutzer entspricht, und Sebastus Sailing ist nicht verantwortlich f\u00fcr die Nichterf\u00fcllung oder f\u00fcr unvollst\u00e4ndige Erbringung der Dienstleistung, die durch den Vertrag zwischen dem Benutzer und dem Betreiber geregelt wird.<br>Sebastus Sailing \u00fcbernimmt keine Garantie oder Haftung gegen\u00fcber dem Benutzer, dass Fotos und ver\u00f6ffentlichte Informationen dem tats\u00e4chlichen Zustand des Schiffes entsprechen und dass Preis und Verf\u00fcgbarkeit auf der Webseite aktualisiert werden. Der Betreiber ist verantwortlich f\u00fcr die Richtigkeit und Vollst\u00e4ndigkeit der Informationen (Preis, Verf\u00fcgbarkeit, etc.), die auf der Webseite angezeigt werden.<\/li><li>10.3 Die urspr\u00fcngliche Version der Allgemeinen Gesch\u00e4ftsbedingungen von sebastus.com ist in kroatischer Sprache verfasst. Diese Version wurde in andere Sprachen \u00fcbersetzt. Die \u00fcbersetzten Versionen gelten als inoffizielle \u00dcbersetzungen und implizieren keine Rechte. Bei Meinungsverschiedenheiten bez\u00fcglich des Inhaltes und der Auslegung dieser Allgemeinen Gesch\u00e4ftsbedingungen oder einer bestimmten Art von Unstimmigkeiten oder Widerspruch zwischen der kroatischen Version und anderen Versionen dieser Allgemeinen Gesch\u00e4ftsbedingungen gilt die kroatische Version als ma\u00dfgeblich und wird in \u00dcbereinstimmung mit dem Gesetz angewendet. Wenn Sie die kroatische Sprache auf der Webseite w\u00e4hlen, wird die urspr\u00fcngliche Version der Allgemeinen Gesch\u00e4ftsbedingungen Ihnen verf\u00fcgbar sein. Sie k\u00f6nnen auch die urspr\u00fcngliche Version der Allgemeinen Gesch\u00e4ftsbedingungen in kroatischer Sprache anfordern.<\/li><\/ul>\n","protected":false},"excerpt":{"rendered":"<p>Die Parteien 1.1 Diese Allgemeinen Gesch\u00e4fts- und Nutzungsbedingungen (nachfolgend Allgemeine Gesch\u00e4ftsbedingungen genannt) regeln die gegenseitigen Rechte und Pflichten im Zusammenhang mit den von dem Unternehmen Sebastus Sailing d.o.o. (nachfolgend Sebastus Sailing genannt) angebotenen Dienstleistungen, USt-IdNr.: HR06001546604, Ul. Franje Petra\u010di\u0107a 6, 10 000 Zagreb, Kroatien, d. h. sebastus.com (nachfolgend Webseite genannt)<\/p>\n","protected":false},"author":1,"featured_media":1490,"parent":0,"menu_order":0,"comment_status":"closed","ping_status":"closed","template":"page-templates\/simple-content.php","meta":{"_acf_changed":false,"inline_featured_image":false,"footnotes":""},"class_list":["post-30937","page","type-page","status-publish","has-post-thumbnail","hentry"],"acf":{"h1_override":"","h2_override":""},"aioseo_notices":[],"_links":{"self":[{"href":"https:\/\/sebastus.com\/de\/wp-json\/wp\/v2\/pages\/30937","targetHints":{"allow":["GET"]}}],"collection":[{"href":"https:\/\/sebastus.com\/de\/wp-json\/wp\/v2\/pages"}],"about":[{"href":"https:\/\/sebastus.com\/de\/wp-json\/wp\/v2\/types\/page"}],"author":[{"embeddable":true,"href":"https:\/\/sebastus.com\/de\/wp-json\/wp\/v2\/users\/1"}],"replies":[{"embeddable":true,"href":"https:\/\/sebastus.com\/de\/wp-json\/wp\/v2\/comments?post=30937"}],"version-history":[{"count":1,"href":"https:\/\/sebastus.com\/de\/wp-json\/wp\/v2\/pages\/30937\/revisions"}],"predecessor-version":[{"id":30939,"href":"https:\/\/sebastus.com\/de\/wp-json\/wp\/v2\/pages\/30937\/revisions\/30939"}],"wp:featuredmedia":[{"embeddable":true,"href":"https:\/\/sebastus.com\/de\/wp-json\/wp\/v2\/media\/1490"}],"wp:attachment":[{"href":"https:\/\/sebastus.com\/de\/wp-json\/wp\/v2\/media?parent=30937"}],"curies":[{"name":"wp","href":"https:\/\/api.w.org\/{rel}","templated":true}]}}