{"id":30940,"date":"2020-06-04T11:22:29","date_gmt":"2020-06-04T11:22:29","guid":{"rendered":"https:\/\/sebastus.com\/privacy-policy\/"},"modified":"2022-10-16T13:01:55","modified_gmt":"2022-10-16T13:01:55","slug":"privatpolitik","status":"publish","type":"page","link":"https:\/\/sebastus.com\/de\/privatpolitik\/","title":{"rendered":"Datenschutzrichtlinie &#038; Datenschutz"},"content":{"rendered":"\n<ol class=\"wp-block-list\"><li><strong>ALLGEMEINES<\/strong><br>1.1 Diese Personaldatenschutzrichtlinie (nachfolgend Richtlinie genannt) gilt f\u00fcr alle Arten von Daten, die Sebastus Sailing \u00fcber die Website sammelt. Diese Richtlinie beschreibt detailliert, wie Sebastus Sailing die personenbezogenen Daten der Nutzer erhebt, verwendet und verarbeitet. Personenbezogene Daten sind alle Daten, die sich auf einen identifizierten oder identifizierbaren Nutzer beziehen. Diese Richtlinie regelt auch den Bereich der Nutzerrechte, die mit personenbezogenen Daten der Nutzer verbunden sind. W\u00f6rter und Begriffe, die in dieser Richtlinie verwendet werden und eine geschlechtsspezifische Bedeutung haben, gelten gleicherma\u00dfen f\u00fcr jedes Geschlecht.<br>1.2 Das Unternehmen Sebastus Sailing d.o.o., pers\u00f6nliche Identifikationsnummer (OIB): 06001546604, Ulica Franje Petra\u010di\u0107a 6, 10 000 Zagreb, Kroatien d. h. sebastus.com (eine Website) oder eine andere Website von Sebastus Sailing d.o.o. (nachfolgend Sebastus Sailing genannt) verarbeitet personenbezogene Daten der Nutzer in \u00dcbereinstimmung mit den geltenden Rechtsvorschriften zum Schutz personenbezogener Daten der Datenschutz-Grundverordnung (2016\/679) und dem Umsetzungsgesetz der Datenschutz-Grundverordnung (Amtsblatt NN 42\/2018) sowie mit bew\u00e4hrten Gesch\u00e4ftspraktiken.<br>1.3 Der Schutz Ihrer Privatsph\u00e4re und Ihrer personenbezogenen Daten ist f\u00fcr Sebastus Sailing und den Betreiber \u00e4u\u00dferst wichtig. Nutzer haben Sebastus Sailing ihre pers\u00f6nlichen Daten anvertraut und Sebastus Sailing sch\u00e4tzt dieses Vertrauen. Sebastus Sailing verpflichtet sich zum Schutz aller personenbezogenen Daten, die der Nutzer \u00fcber die Website zur Verf\u00fcgung stellt. Sebastus Sailing ist transparent in der Verarbeitung von personenbezogenen Daten der Nutzer.<br>1.4 Diese Richtlinie gilt f\u00fcr alle Daten, die Sebastus Sailing \u00fcber die Nutzer sammelt. Sebastus Sailing verarbeitet personenbezogene Daten, weil laut gesetzlichen Vorschriften bestimmte Handlungen notwendig sind oder die Verarbeitung von Daten vor Abschluss eines Vertrages, zur Erf\u00fcllung eines Vertrages oder zum Schutz wichtiger Interessen des Nutzers usw. notwendig ist. Wenn die Verarbeitung personenbezogener Daten nicht auf der vorgeschriebenen Rechtsgrundlage erfolgen kann, wird die Zustimmung des Nutzers eingeholt.<br>1.5 Sebastus Sailing empfiehlt dem Nutzer, diese Richtlinie sorgf\u00e4ltig zu lesen. Hier finden Sie wichtige Informationen dar\u00fcber, wie Sebastus Sailing personenbezogene Daten erhebt und verwendet.<br>1.6 Sebastus Sailing empfiehlt dem Nutzer, auch die Cookie-Erkl\u00e4rung zu lesen, in der erkl\u00e4rt wird, wie Sebastus Sailing Cookies verwendet.<\/li><\/ol>\n\n\n\n<ol class=\"wp-block-list\" start=\"2\"><li><strong>ERHEBUNG UND VERARBEITUNG VON PERSONENBEZOGENEN DATEN<\/strong><br>2.1 Sebastus Sailing erhebt personenbezogene Daten und verarbeitet sie auf rechtm\u00e4\u00dfige, faire und transparente Weise. Transparenz bei der Datenverarbeitung bedeutet, dass die Nutzer dar\u00fcber informiert werden, wie ihre personenbezogenen Daten erhoben, verwendet und verarbeitet werden. Information und Kommunikation in Bezug auf die Datenverarbeitung basieren auf dem Grundsatz der Transparenz, d. h. der leichten Zug\u00e4nglichkeit und Verst\u00e4ndlichkeit der Daten sowie der Verwendung einer klaren und verst\u00e4ndlichen Sprache.<br>2.2 Es besteht die M\u00f6glichkeit, dass die Nutzer die Sebastus Sailing Website besuchen, ohne ihre pers\u00f6nlichen Daten wie Name und Kontakt anzugeben. Diese personenbezogenen Daten werden nur erhoben, wenn der Nutzer diese Daten freiwillig unter Verwendung eines der verf\u00fcgbaren Formulare sendet, die f\u00fcr einen bestimmten Zweck ausgef\u00fcllt werden, wie das Kontaktformular, Anfrageformular, Newsletter-Formular, First\/Last-Minute-Formular, etc. Sebastus Sailing erhebt die personenbezogenen Daten des Nutzers auf der oben genannten Rechtsgrundlage. Jedes Formular gibt dem Nutzer Informationen \u00fcber den Zweck, f\u00fcr den seine personenbezogenen Daten verwendet werden, und der Nutzer wird auf die Richtlinie verwiesen, um alle Informationen \u00fcber die Erhebung und Verarbeitung seiner personenbezogenen Daten zu erhalten. Alle personenbezogenen Daten werden ausschlie\u00dflich f\u00fcr den Zweck verwendet, f\u00fcr den sie erhoben wurden und f\u00fcr den der Nutzer zugestimmt hat. Sebastus Sailing darf die personenbezogenen Daten der Nutzer ohne Zustimmung der Nutzer nicht f\u00fcr andere Zwecke verwenden, die die Verarbeitung der Daten f\u00fcr einen neuen Zweck erm\u00f6glichen. Es werden nur personenbezogene Daten erhoben, die zur Erreichung des Verarbeitungszwecks erforderlich sind.<br>2.3 e-Crew<br>Bei der Anmietung von Yachten und Booten m\u00fcssen Passagiere und Besatzung \u00fcber die Online-Anwendung e-Crew registriert werden.<br>Zum Zweck der Buchung, der e-Crew und der Erbringung der vertraglich vereinbarten Dienstleistungen erfragt Sebastus Sailing von den Nutzern oder anderen die folgenden personenbezogenen Daten:<br>\u25cf Vor- und Nachname,<br>\u25cf Geburtsdatum,<br>\u25cf Geschlecht,<br>\u25cf Residenz,<br>\u25cf Geburtsort und Geburtsland,<br>\u25cf Staatsangeh\u00f6rigkeit,<br>\u25cf Art und Nummer des pers\u00f6nlichen Dokuments.<br>Diese Daten werden von e-Crew ben\u00f6tigt und ohne diese Informationen ist es nicht m\u00f6glich, die Dienstleistungen von Sebastus Sailing und Betreiber zu erbringen, d. h. es w\u00e4re nicht m\u00f6glich, den Vertrag zu erf\u00fcllen. Sebastus Sailing muss diese Informationen mindestens sieben Tage vor dem Check-in des Nutzers erhalten. E-Crew ist gesetzlich vorgeschrieben, und die oben genannten Informationen m\u00fcssen dem Ministerium f\u00fcr Meeresangelegenheiten der Republik Kroatien vorgelegt werden.<br>2.4 Sebastus Sailing ist ein Vermittler zwischen dem Nutzer und dem Betreiber. F\u00fcr den Fall, dass der Betreiber eine Kopie eines pers\u00f6nlichen Dokuments des Nutzers anfordert, wird Sebastus Sailing mit dem Nutzer, der die Reise gebucht hat, R\u00fccksprache halten und die schriftliche Zustimmung f\u00fcr die Abholung der Kopie anfordern. Wenn dieser Schritt erforderlich ist, wird der Nutzer schriftlich zustimmen, die Kopie des Dokuments zu vorzulegen, und Sebastus Sailing und Betreiber werden sicherstellen, dass das Vorgenannte nur f\u00fcr den Zweck verwendet wird, f\u00fcr den es ben\u00f6tigt wird. Sobald dieses Dokument seinen Zweck erf\u00fcllt hat, kann der Nutzer die Kopie des pers\u00f6nlichen Dokuments anzufordern, und es wird ihm sofort ausgeh\u00e4ndigt.<br>2.5 Weitere Informationen, die ausschlie\u00dflich zum Zweck der Durchf\u00fchrung einer gebuchten Reise angefordert und verwendet werden k\u00f6nnen:<br>\u25cf Telefonnummer,<br>\u25cf E-Mail-Adresse.<br>2.6 Manchmal kann Sebastus Sailing Informationen zu diesen Themen aus anderen Quellen (wie z.B. Auskunfteien) erhalten. Damit Sebastus Sailing die Personen besser einsch\u00e4tzen kann, wird das Sebastus Sailing diese Informationen mit den bereits vorhandenen Informationen beif\u00fcgen.<br>2.7 Nutzer k\u00f6nnen Sebastus Sailing auch \u00fcber soziale Netzwerke kontaktieren, wobei Sebastus Sailing personenbezogene Daten zum Zweck der Kontaktaufnahme erhebt oder die Nutzerdaten (in einigen F\u00e4llen einschlie\u00dflich E-Mail-Adresse) verwenden kann, um ihr ein angefordertes Angebot zu geben.<\/li><\/ol>\n\n\n\n<ol class=\"wp-block-list\" start=\"3\"><li><strong>NUTZUNG DER PERSONENBEZOGENEN DATEN<\/strong><br>3.1 F\u00fcr Sebastus Sailing ist die Zustimmung der Nutzer von entscheidender Bedeutung. Die Einwilligung des Nutzers ist jede freiwillige, spezifische, in informierter Weise und unmissverst\u00e4ndlich abgegebene Willensbekundung in Form einer Erkl\u00e4rung oder einer sonstigen eindeutigen best\u00e4tigenden Handlung, mit der der Nutzer zu verstehen gibt, dass er mit der Verarbeitung der ihn betreffenden personenbezogenen Daten einverstanden ist.<br>Ohne Zustimmung des Nutzers wird Sebastus Sailing die personenbezogenen Daten des Nutzers nicht f\u00fcr Zwecke verwenden, die nach den geltenden Vorschriften einer Zustimmung bed\u00fcrfen.<br>Der Nutzer hat das Recht, die erteilte Einwilligung jederzeit wie oben beschrieben zu widerrufen. Durch einen solchen Widerruf wird die Rechtm\u00e4\u00dfigkeit der Verarbeitung auf der Grundlage des Privilegs vor dem Widerruf nicht ber\u00fchren.<br>3.2 Sebastus Sailing kann die personenbezogenen Daten der Nutzer f\u00fcr verschiedene Zwecke verwenden:<br>3.2.1. Kommunikation mit dem Nutzer<br>Sebastus Sailing kann Nutzer per E-Mail, Post, Telefon oder SMS kontaktieren. Die Art der Kontaktaufnahme h\u00e4ngt von den Informationen ab, die der Nutzer dem Unternehmen Sebastus Sailing zur Verf\u00fcgung stellt.<br>3.2.2. Buchung eines Schiffes<br>Sebastus Sailing erhebt und verwendet die personenbezogenen Daten des Nutzers, um dem Nutzer den Buchungsservice f\u00fcr Boote zur Verf\u00fcgung zu stellen. Dies gilt f\u00fcr Korrespondenz \u2013 Best\u00e4tigungen, \u00c4nderungen, Mahnungen und andere Handlungen im Zusammenhang mit der Buchung.<br>Diese Informationen erm\u00f6glichen es Sebastus Sailing, den Vertrag zu erf\u00fcllen oder Ma\u00dfnahmen im Zusammenhang mit dem Vertrag zu ergreifen \u2013 zum Beispiel ein Angebot zu erstellen, die Zahlung abzuwickeln und auf Anfragen und Reservierungen \u00fcber die Website zu reagieren.<br>Wenn der Nutzer die Buchung der Reise nicht abgeschlossen hat, kann Sebastus Sailing den Nutzer kontaktieren, um ihn daran zu erinnern, mit seiner Buchung fortzufahren.<br>3.2.3. Marketingaktivit\u00e4ten<br>Sebastus Sailing kann personenbezogene Daten von Nutzern mit Zustimmung des Nutzers zum Zweck des Versands von Newslettern im Zusammenhang mit Produkten und Dienstleistungen von Sebastus Sailing sammeln und verwenden. Wenn der Nutzer keine Nachrichten per E-Mail erhalten m\u00f6chte, kann er sich einfach per E-Mail oder auf eine andere Weise abmelden.<br>Der Nutzer darf sich auch an anderen Werbema\u00dfnahmen teilnehmen \u2013 Gewinnspiele, Wettbewerbe usw. Sebastus Sailing wird die von ihm bei Werbeaktivit\u00e4ten gesammelten Informationen ausschlie\u00dflich f\u00fcr die Verwaltung dieser Aktivit\u00e4ten verwenden.<br>3.2.4. Verbesserung des Buchungsservice f\u00fcr Boote<br>Um seine Dienstleistungen zu verbessern und die bestm\u00f6gliche Nutzererlebnis zu bieten, kann Sebastus Sailing die pseudonymisierten Informationen des Nutzers zum Zweck der Optimierung und Personalisierung der Website verwenden.<br>3.2.5. Fragebogen zum Nutzererlebnis\/Bewertung des Nutzererlebnis<br>Sebastus Sailing kann einen Fragebogen zur Messung des Nutzererlebnis an Nutzer senden. Der Nutzer kann einen Fragebogen zur Messung des Nutzererlebnis ausf\u00fcllen, das Service bewerten und Sebastus Sailing seine Einwilligung erteilen, einige seiner Informationen auf der Website anzuzeigen.<br>Zweck und Ziel der Ver\u00f6ffentlichung von Bewertungen auf der Sebastus Sailing Website ist es, potenzielle Nutzer \u00fcber den Service, \u00fcber die Servicequalit\u00e4t und die Erfahrungen der vorherigen Nutzer zu informieren.<br>3.2.6. F\u00fcr die internen Bed\u00fcrfnisse von Sebastus Sailing<br>Sebastus Sailing verarbeitet die Daten des Nutzers, um die gesetzlichen Anforderungen sowie Rechte und Pflichten aus dem Vertrag zu erf\u00fcllen, auf der Rechtsgrundlage des berechtigten Interesses und aus anderen Gr\u00fcnden. Interne Bed\u00fcrfnisse k\u00f6nnen beispielsweise das Speichern von Nutzerinformationen als Reaktion auf eine Beschwerde, das Erstellen von Angeboten, die den W\u00fcnschen und Bed\u00fcrfnissen des Nutzers entsprechen, das Bereitstellen einer ausgezeichneten Nutzererlebnis usw. umfassen.<br>3.2.7. Zur Erf\u00fcllung gesetzlicher Verpflichtungen<br>Sebastus Sailing ist auf schriftliche Anfrage verpflichtet, den zust\u00e4ndigen nationalen Beh\u00f6rden (z. B. Polizei, Gericht usw.) bestimmte personenbezogene Daten des Nutzers bereitzustellen oder zur Verf\u00fcgung zu stellen. So erf\u00fcllt Sebastus Sailing seine gesetzlichen Verpflichtungen.<br>3.3 Als Nutzer k\u00f6nnen Sie entscheiden, ob Sie Sebastus Sailing Ihre personenbezogenen Daten zur Verf\u00fcgung stellen m\u00f6chten oder nicht, aber es ist wichtig zu sagen, dass einige der Dienstleistungen nicht bereitgestellt werden k\u00f6nnen, wenn Sebastus Sailing \u00fcber Ihre personenbezogenen Daten nicht verf\u00fcgt, z. B. Name und Kontaktdaten erm\u00f6glichen es Sebastus Sailing, den Vertrag zu erf\u00fcllen oder die vertragsbezogenen Schritte zu ergreifen, wie z. B. ein Angebot zu unterbreiten, das Zahlungsprozess abzuwickeln und die Fragen und Buchungen zu beantworten<br>3.4 Um die bestm\u00f6gliche Erfahrung zu bieten, kann Sebastus Sailing die erhobenen Informationen und statistischen Daten f\u00fcr den Zweck der \u00dcberwachung der Nutzung von Internetseiten verwenden. Dies sind keine Informationen, die f\u00fcr Ihre Identifizierung verwendet werden k\u00f6nnen.<\/li><\/ol>\n\n\n\n<ol class=\"wp-block-list\" start=\"4\"><li><strong>DRITTANBIETER<\/strong><br>4.1 Zur Erbringung eines Buchungsservice f\u00fcr Boote ist Sebastus Sailing ein Vermittler, der diesen Service in Zusammenarbeit mit dem Betreiber erm\u00f6glicht. Man k\u00f6nnte sagen, dass die gesamte Dienstleistung von verschiedenen Personen erbracht wird.<br>4.2 Am wichtigsten ist der Zweck der Weitergabe personenbezogener Daten. Sebastus Sailing teilt diese Informationen mit dem Betreiber, um die Durchf\u00fchrung der Reise, d. h. das Vertragsverh\u00e4ltnis zwischen Betreiber und Nutzer, zu erm\u00f6glichen.<br>4.3 Sebastus Sailing kann personenbezogene Daten des Nutzers an die Strafverfolgungsbeh\u00f6rden weitergeben, wenn dies gem\u00e4\u00df den Rechtsvorschriften notwendig ist oder zur Verh\u00fctung, Aufdeckung oder Verfolgung der T\u00e4ter erforderlich ist oder wenn es aus einem anderen Grund dazu verpflichtet ist. Wenn es zum Schutz der Rechte und\/oder des Eigentums von Sebastus Sailing erforderlich ist, kann das Unternehmen zu diesem Zweck Daten an die zust\u00e4ndigen Beh\u00f6rden weitergeben.<\/li><\/ol>\n\n\n\n<ol class=\"wp-block-list\" start=\"5\"><li><strong>PFLICHTEN DES NUTZERS<\/strong><br>5.1 Der Nutzer ist verpflichtet, die Richtigkeit und Vollst\u00e4ndigkeit seiner personenbezogenen Daten sicherzustellen.<br>5.2 Im Falle von \u00c4nderungen personenbezogener Daten, ist der Nutzer verpflichtet Sebastus Sailing unverz\u00fcglich dar\u00fcber zu benachrichtigen.<\/li><\/ol>\n\n\n\n<ol class=\"wp-block-list\" start=\"6\"><li>NUTZERRECHTE<br>6.1 Nutzer haben jederzeit folgende Rechte:<br>\u25cf Recht auf Datenzugriff und Dateneinsicht,<br>\u25cf Recht auf Unterrichtung \u00fcber die Verarbeitung personenbezogener Daten,<br>\u25cf Recht auf \u00dcbertragbarkeit der Daten,<br>\u25cf Recht auf Widerruf der Einwilligung,<br>\u25cf Recht auf Beschwerde,<br>\u25cf Recht auf Berichtigung und \u00c4nderung der personenbezogenen Daten, falls die Daten unvollst\u00e4ndig oder ungenau sind und<br>\u25cf Recht auf L\u00f6schung in F\u00e4llen wie Beendigung des Verarbeitungszwecks, Widerruf der Einwilligung oder im Falle, dass eine Beschwerde eingereicht wird.<br>6.2 Der Nutzer hat die volle Kontrolle \u00fcber seine personenbezogenen Daten, und er kann verlangen, dass die personenbezogenen Daten, die er uns zum Zwecke der Erbringung der Dienstleistung zur Verf\u00fcgung gestellt hat, nach Ablauf der Datenspeicherfrist gel\u00f6scht werden, wenn keine berechtigten Gr\u00fcnde f\u00fcr die Datenspeicherung vorliegen.<br>6.3 Alle Informationen, die Nutzer dem Unternehmen Sebastus Sailing geben, k\u00f6nnen in \u00dcbereinstimmung mit der Einwilligung verwendet werden. Es ist wichtig zu beachten, dass der Nutzer diese Einwilligung jederzeit gem\u00e4\u00df den Bestimmungen des geltenden Rechts widerrufen kann.<\/li><\/ol>\n\n\n\n<ol class=\"wp-block-list\" start=\"7\"><li><strong>SPEICHERDAUER IHRER PERSONENBEZOGENEN DATEN<\/strong><br>7.1 Sebastus Sailing verarbeitet, verwendet und speichert personenbezogene Daten der Nutzer, die f\u00fcr die Zahlung und Erbringung der Dienstleistung erforderlich sind. Alle personenbezogenen Daten werden in \u00dcbereinstimmung mit den Datenschutzbestimmungen erhoben.<br>7.2 Personenbezogene Daten werden so lange gespeichert, bis sie zur Erreichung des Zweckes der Datenerhebung oder bis zur Beendigung des Vertragsverh\u00e4ltnisses und der Dienstleistungserbringung erforderlich sind.<br>7.3 Die letzte Frist ist das Erl\u00f6schen aller rechtlichen Verpflichtungen im Zusammenhang mit dem Schutz personenbezogener Daten, au\u00dfer in Ausnahmef\u00e4llen, in denen ein Verfahren vor einem Gericht oder einer \u00e4hnlichen Beh\u00f6rde eingeleitet wird und die Notwendigkeit, personenbezogene Daten zu bewahren, weiterhin besteht.<br>7.4 F\u00fcr personenbezogene Daten, die auf einer Einwilligung beruhen, gelten abweichende Regelungen. Personenbezogene Daten, die mit der Einwilligung des Nutzers eingeholt wurden, werden so lange aufbewahrt, bis der Nutzer die erteilte Einwilligung nicht widerruft.<br>Falls der Zweck, f\u00fcr den die Daten erhoben wurden, erreicht ist, k\u00f6nnen die personenbezogenen Daten gel\u00f6scht werden, bevor die Einwilligung widerrufen wird.<br>7.6 Nach Ablauf der Speicherdauer der personenbezogenen Daten werden diese aus dem System entfernt und archiviert. Eine m\u00f6gliche Situation ist die Umwandlung dieser Daten in anonyme Daten, die keine Identifizierung mehr erm\u00f6glichen.<\/li><li><strong>DATENSCHUTZ<\/strong><\/li><\/ol>\n\n\n\n<ul class=\"wp-block-list\"><li>8.1 Alle Daten auf der Sebastus Sailing Website werden durch technische und organisatorische Ma\u00dfnahmen gegen Verlust, Zerst\u00f6rung, Zugriff, Ver\u00e4nderung und Verbreitung gesichert. Sebastus Sailing ist jedoch nicht verantwortlich f\u00fcr die Zerst\u00f6rung und Besch\u00e4digung der Daten.<\/li><li>8.2 Sebastus Sailing wird alle zumutbaren Anstrengungen unternehmen, um die personenbezogenen Daten des Nutzers zu sichern. Die Nutzung des Internets ist nicht vollst\u00e4ndig sicher und daher kann Sebastus Sailing die Sicherheit oder Integrit\u00e4t der vom Nutzer \u00fcber das Internet \u00fcbermittelten personenbezogenen Daten nicht garantieren.<\/li><li>8.3 Sebastus Sailing wird alle angemessenen Ma\u00dfnahmen ergreifen, um sicherzustellen, dass ungenaue Daten entweder berichtigt oder gel\u00f6scht werden.<\/li><li>8.4 Kontaktdaten zum Datenschutz<br>Datenschutzbeauftragter und Verantwortlicher im Sinne der DSGVO:<ul><li>Irina Mato\u0161evi\u0107<\/li><li>Ulica Franje Petra\u010di\u0107a 6, Zagreb, Kroatien<\/li><li>imatosevic@sebastus.com<\/li><li>+38595 6687 012<\/li><\/ul><\/li><\/ul>\n\n\n\n<ol class=\"wp-block-list\" start=\"9\"><li><strong>ZUSATZBESTIMMUNGEN<\/strong><br>9.1 Die Richtlinie gilt ab dem Datum der Ver\u00f6ffentlichung auf der Website.<br>9.2 Im Laufe der Zeit besteht die M\u00f6glichkeit, diese Richtlinie zu \u00e4ndern, wenn sie mit den zuk\u00fcnftig geltenden Vorschriften in Einklang gebracht werden muss. In diesem Fall empfiehlt Sebastus Sailing den Nutzern, unserer Website zu folgen, um st\u00e4ndig auf m\u00f6gliche \u00c4nderungen hingewiesen zu werden.<br>In Zagreb, den 25.02.2020.<br><br>Sebastus Sailing d.o.o.<\/li><\/ol>\n","protected":false},"excerpt":{"rendered":"<p>ALLGEMEINES1.1 Diese Personaldatenschutzrichtlinie (nachfolgend Richtlinie genannt) gilt f\u00fcr alle Arten von Daten, die Sebastus Sailing \u00fcber die Website sammelt. Diese Richtlinie beschreibt detailliert, wie Sebastus Sailing die personenbezogenen Daten der Nutzer erhebt, verwendet und verarbeitet. Personenbezogene Daten sind alle Daten, die sich auf einen identifizierten oder identifizierbaren Nutzer beziehen. Diese<\/p>\n","protected":false},"author":1,"featured_media":1490,"parent":0,"menu_order":0,"comment_status":"closed","ping_status":"closed","template":"page-templates\/simple-content.php","meta":{"_acf_changed":false,"inline_featured_image":false,"footnotes":""},"class_list":["post-30940","page","type-page","status-publish","has-post-thumbnail","hentry"],"acf":{"h1_override":"","h2_override":""},"aioseo_notices":[],"_links":{"self":[{"href":"https:\/\/sebastus.com\/de\/wp-json\/wp\/v2\/pages\/30940","targetHints":{"allow":["GET"]}}],"collection":[{"href":"https:\/\/sebastus.com\/de\/wp-json\/wp\/v2\/pages"}],"about":[{"href":"https:\/\/sebastus.com\/de\/wp-json\/wp\/v2\/types\/page"}],"author":[{"embeddable":true,"href":"https:\/\/sebastus.com\/de\/wp-json\/wp\/v2\/users\/1"}],"replies":[{"embeddable":true,"href":"https:\/\/sebastus.com\/de\/wp-json\/wp\/v2\/comments?post=30940"}],"version-history":[{"count":2,"href":"https:\/\/sebastus.com\/de\/wp-json\/wp\/v2\/pages\/30940\/revisions"}],"predecessor-version":[{"id":30944,"href":"https:\/\/sebastus.com\/de\/wp-json\/wp\/v2\/pages\/30940\/revisions\/30944"}],"wp:featuredmedia":[{"embeddable":true,"href":"https:\/\/sebastus.com\/de\/wp-json\/wp\/v2\/media\/1490"}],"wp:attachment":[{"href":"https:\/\/sebastus.com\/de\/wp-json\/wp\/v2\/media?parent=30940"}],"curies":[{"name":"wp","href":"https:\/\/api.w.org\/{rel}","templated":true}]}}