{"id":34401,"date":"2022-12-21T15:41:39","date_gmt":"2022-12-21T15:41:39","guid":{"rendered":"https:\/\/sebastus.com\/?page_id=34401"},"modified":"2022-12-21T15:50:57","modified_gmt":"2022-12-21T15:50:57","slug":"trogir","status":"publish","type":"page","link":"https:\/\/sebastus.com\/de\/segelurlaub-kroatien\/trogir\/","title":{"rendered":"Trogir"},"content":{"rendered":"\n<section id=\"\" class=\"section columns-text-section js-check-scroll\" style=\"\">\n      <div class=\"section__container\">\n              <div class=\"columns-text-section__text content-media-style\" style=\"--column-count:1;\">\n        <h1>Trogir<\/h1>\n<p>Trogir ist ein UNESCO-Weltkulturerbe oder wie manche es das kleine Venedig von Dalmatien nennen. Es liegt in unmittelbarer N\u00e4he des Flughafens und der Stadt Split, und sein kulturelles Erbe in Kombination mit seiner nautischen Bedeutung hat Trogir zu einem verdienterma\u00dfen gut besuchten Reiseziel gemacht.<\/p>\n<p>In der N\u00e4he von Trogir gibt es zahlreiche Inselchen und Inseln, die es wert sind, erkundet zu werden. Einer der in letzter Zeit beliebten Orte zum Segeln ist definitiv die Bucht Krknja\u0161i \u2013 besser bekannt als Blaue Lagune. Die Blaue Lagune liegt an der Nordostseite der Insel Drvenik zwischen den Inseln Krknja\u0161, 7 sm von der Altstadt von Trogir entfernt und bietet den perfekten R\u00fcckzugsort zum Schwimmen und Schnorcheln, der mit dem Boot erreicht werden kann.<\/p>\n<p>&nbsp;<\/p>\n      <\/div>\n          <\/div>\n<\/section>\n\n\n\n<section id=\"\" class=\"section destinations-section js-check-scroll destinations-section--package\">\n  <div class=\"background-text destinations-section__background-text\">\n      <\/div>\n  <div class=\"section__container\">\n        <header class=\"section__heading section__heading--small-margin\">\n      <div class=\"section__heading-container\">\n                  <h2 class=\"section__heading-title u-text-size--huge\">\n            W\u00e4hlen Sie eine <b>Route f\u00fcr Ihren perfekten Urlaub<\/b>          <\/h2>\n                      <\/div>\n    <\/header>\n    \n                  <div class=\"destinations-section__single-wrapper\">\n                    <div class=\"destinations-section__destinations swiper-container js-destinations-slider\">\n            <div class=\"swiper-wrapper\">\n                              <div class=\"destinations-section__destination destinations-section__destination--package swiper-slide\">\n                  <div class=\"destinations-section__destination-media\">\n                    <a href=\"https:\/\/sebastus.com\/de\/segelurlaub-kroatien\/trogir\/7-tage-segelroute\/\" target=\"_self\">\n                      <img decoding=\"async\" width=\"300\" height=\"200\" src=\"https:\/\/sebastus.com\/wp-content\/uploads\/2021\/05\/trogir-route.jpg\" class=\"destinations-section__destination-media-image\" alt=\"\" \/>                    <\/a>\n                  <\/div>\n                  <div class=\"destinations-section__destination-content\">\n                    <h3 class=\"destinations-section__destination-content-title\">Trogir Segelroute<\/h3>\n                    <div class=\"destinations-section__destination-content-description\"><p>Nehmen Sie sich eine Woche Zeit f\u00fcr einen Segelt\u00f6rn ab Trogir und probieren Sie k\u00f6stliches Essen mit einer W\u00fcrze entspannten Segelns. Diese Route f\u00fchrt Sie zum Kornati-Archipel und dauert 7 Tage.<\/p>\n<\/div>\n                    <div class=\"destinations-section__destination-content-bottom\">\n                      <a href=\"https:\/\/sebastus.com\/de\/segelurlaub-kroatien\/trogir\/7-tage-segelroute\/\" class=\"destinations-section__destination-content-button btn btn--full-width\" target=\"_self\">\n                        Finden Sie mehr heraus                      <\/a>\n                    <\/div>\n                  <\/div>\n                <\/div>\n                          <\/div>\n            <div class=\"swiper-button-next swiper-button-next--round swiper-button-next--destinations\"><\/div>\n            <div class=\"swiper-button-prev swiper-button-prev--round swiper-button-prev--destinations\"><\/div>\n          <\/div>\n        <\/div>\n            <\/div>\n<\/section>","protected":false},"excerpt":{"rendered":"","protected":false},"author":8,"featured_media":0,"parent":3320,"menu_order":0,"comment_status":"closed","ping_status":"closed","template":"","meta":{"_acf_changed":false,"inline_featured_image":false,"footnotes":""},"class_list":["post-34401","page","type-page","status-publish","hentry"],"acf":{"h1_override":"","h2_override":""},"aioseo_notices":[],"_links":{"self":[{"href":"https:\/\/sebastus.com\/de\/wp-json\/wp\/v2\/pages\/34401","targetHints":{"allow":["GET"]}}],"collection":[{"href":"https:\/\/sebastus.com\/de\/wp-json\/wp\/v2\/pages"}],"about":[{"href":"https:\/\/sebastus.com\/de\/wp-json\/wp\/v2\/types\/page"}],"author":[{"embeddable":true,"href":"https:\/\/sebastus.com\/de\/wp-json\/wp\/v2\/users\/8"}],"replies":[{"embeddable":true,"href":"https:\/\/sebastus.com\/de\/wp-json\/wp\/v2\/comments?post=34401"}],"version-history":[{"count":8,"href":"https:\/\/sebastus.com\/de\/wp-json\/wp\/v2\/pages\/34401\/revisions"}],"predecessor-version":[{"id":34416,"href":"https:\/\/sebastus.com\/de\/wp-json\/wp\/v2\/pages\/34401\/revisions\/34416"}],"up":[{"embeddable":true,"href":"https:\/\/sebastus.com\/de\/wp-json\/wp\/v2\/pages\/3320"}],"wp:attachment":[{"href":"https:\/\/sebastus.com\/de\/wp-json\/wp\/v2\/media?parent=34401"}],"curies":[{"name":"wp","href":"https:\/\/api.w.org\/{rel}","templated":true}]}}