{"id":35246,"date":"2023-01-08T14:00:02","date_gmt":"2023-01-08T14:00:02","guid":{"rendered":"https:\/\/sebastus.com\/?page_id=35246"},"modified":"2023-01-08T14:00:02","modified_gmt":"2023-01-08T14:00:02","slug":"sebastus-newsletter","status":"publish","type":"page","link":"https:\/\/sebastus.com\/de\/sebastus-newsletter\/","title":{"rendered":"Sebastus Newsletter"},"content":{"rendered":"\n<section id=\"\" class=\"section newsletter-section\" style=\"background-color:#f1f1f1;\">\n  <div class=\"section__container newsletter-section__container\">\n    <div class=\"newsletter-section__column\">\n              <h2 class=\"newsletter-section__headline\">\n          Abonnieren Sie unseren Newsletter und wir nehmen Sie mit auf virtuellen Yachtcharter-Urlaub        <\/h2>\n                    <div class=\"newsletter-section__subheadline\">\n          Erhalten Sie die besten Angebote, ein Paar lokale Geheimtipps und n\u00fctzliche Tipps und T\u00f6rnvorschl\u00e4gen.        <\/div>\n                    <div class=\"newsletter-section__form js-newsletter-form\">\n          \n<div class=\"wpcf7 no-js\" id=\"wpcf7-f127-o1\" lang=\"en-US\" dir=\"ltr\" data-wpcf7-id=\"127\">\n<div class=\"screen-reader-response\"><p role=\"status\" aria-live=\"polite\" aria-atomic=\"true\"><\/p> <ul><\/ul><\/div>\n<form action=\"\/de\/wp-json\/wp\/v2\/pages\/35246#wpcf7-f127-o1\" method=\"post\" class=\"wpcf7-form init 6044cc6a7616 cmatic-conn cmatic-aud-10 cmatic-mapd0-0 cmatic-v0978 cmatic-sent-0 cmatic-total-736 wpcf7-acceptance-as-validation\" aria-label=\"Contact form\" novalidate=\"novalidate\" data-status=\"init\">\n<fieldset class=\"hidden-fields-container\"><input type=\"hidden\" name=\"_wpcf7\" value=\"127\" \/><input type=\"hidden\" name=\"_wpcf7_version\" value=\"6.1.5\" \/><input type=\"hidden\" name=\"_wpcf7_locale\" value=\"en_US\" \/><input type=\"hidden\" name=\"_wpcf7_unit_tag\" value=\"wpcf7-f127-o1\" \/><input type=\"hidden\" name=\"_wpcf7_container_post\" value=\"0\" \/><input type=\"hidden\" name=\"_wpcf7_posted_data_hash\" value=\"\" \/><input type=\"hidden\" name=\"_wpcf7_recaptcha_response\" value=\"\" \/>\n<\/fieldset>\n<div class=\"newsletter-wrapper\"><label>Ihr Name<\/label><span class=\"wpcf7-form-control-wrap\" data-name=\"newsletter-name\"><input size=\"40\" maxlength=\"400\" class=\"wpcf7-form-control wpcf7-text wpcf7-validates-as-required\" aria-required=\"true\" aria-invalid=\"false\" placeholder=\"Geben Sie Ihren Namen ein\" value=\"\" type=\"text\" name=\"newsletter-name\" \/><\/span><label>E-mail adresse<\/label><span class=\"wpcf7-form-control-wrap\" data-name=\"newsletter-email\"><input size=\"40\" maxlength=\"400\" class=\"wpcf7-form-control wpcf7-email wpcf7-validates-as-required wpcf7-text wpcf7-validates-as-email\" aria-required=\"true\" aria-invalid=\"false\" placeholder=\"Ihre E-Mail....\" value=\"\" type=\"email\" name=\"newsletter-email\" \/><\/span><span class=\"wpcf7-form-control-wrap\" data-name=\"privacy-policy\"><span class=\"wpcf7-form-control wpcf7-acceptance\"><span class=\"wpcf7-list-item\"><label><input type=\"checkbox\" name=\"privacy-policy\" value=\"1\" class=\"input-checkbox\" aria-invalid=\"false\" \/><span class=\"wpcf7-list-item-label\"><span class=\"checkbox__icon\"><\/span>Ich bin mit der <a href=https:\/\/sebastus.com\/de\/privacy-policy>Datenschutzerkl\u00e4rung einverstanden<\/a><\/span><\/label><\/span><\/span><\/span><input class=\"wpcf7-form-control wpcf7-submit has-spinner\" type=\"submit\" value=\"Jetzt Newsletter abbonieren\" \/><span id=\"wpcf7-69e9e35a1056a-wrapper\" class=\"wpcf7-form-control-wrap honeypot-367-wrap\" style=\"display:none !important; visibility:hidden !important;\"><label for=\"wpcf7-69e9e35a1056a-field\" class=\"hp-message\">Please leave this field empty.<\/label><input id=\"wpcf7-69e9e35a1056a-field\"  class=\"wpcf7-form-control wpcf7-text\" type=\"text\" name=\"honeypot-367\" value=\"\" size=\"40\" tabindex=\"-1\" autocomplete=\"new-password\" \/><\/span><\/div><div class=\"wpcf7-response-output\" aria-hidden=\"true\"><\/div>\n<\/form>\n<\/div>\n        <\/div>\n                    <div class=\"newsletter-section__gdpr-text\">\n                  <\/div>\n          <\/div>\n    <div class=\"newsletter-section__column newsletter-section__column--image\">\n      <img decoding=\"async\" width=\"677\" height=\"714\" src=\"https:\/\/sebastus.com\/wp-content\/uploads\/2021\/12\/newsletter-sailing2.jpg\" class=\"newsletter-section__image object-fit\" alt=\"\" \/>      <div class=\"newsletter-section__first-icon\">\n        Schaffen Sie Raum f\u00fcr Abenteuer        <img decoding=\"async\" src=\"https:\/\/sebastus.com\/wp-content\/uploads\/2021\/06\/newsletter-icon-2.svg\" class=\"newsletter-section__first-icon-image\" alt=\"\">\n      <\/div>\n      <div class=\"newsletter-section__second-icon\">\n        <img decoding=\"async\" src=\"https:\/\/sebastus.com\/wp-content\/uploads\/2021\/06\/Icon-_-Desktop-_-Bullet-_-Routes.svg\" alt=\"\">\n      <\/div>\n    <\/div>\n  <\/div>\n\n  <!-- Modal example -->\n  <div class=\"modal modal--thank modal--thank-newsletter js-modal-element js-modal-newsletter-thank\" style=\"--max-width:510px;\">\n    <div class=\"modal__content\">\n      <h5 class=\"modal__content-title\">\n        Vielen Dank f\u00fcrs Abonnieren!      <\/h5>\n      <div class=\"modal__content-description\">\n        In a few minutes you will recieve a confirmation e-mail to        <span class=\"js-find-your-yacht-user-email is-bold\"><\/span>.\n      <\/div>\n      <button class=\"modal__content-button btn btn--blue js-modal-close\">\n        Weiter surfen      <\/button>\n    <\/div>\n  <\/div>\n  <div class=\"modal-overlay js-modal-close\"><\/div>\n  <!-- Modal example. -->\n<\/section>\n","protected":false},"excerpt":{"rendered":"","protected":false},"author":5,"featured_media":0,"parent":0,"menu_order":0,"comment_status":"closed","ping_status":"closed","template":"","meta":{"_acf_changed":false,"inline_featured_image":false,"footnotes":""},"class_list":["post-35246","page","type-page","status-publish","hentry"],"acf":{"h1_override":"","h2_override":""},"aioseo_notices":[],"_links":{"self":[{"href":"https:\/\/sebastus.com\/de\/wp-json\/wp\/v2\/pages\/35246","targetHints":{"allow":["GET"]}}],"collection":[{"href":"https:\/\/sebastus.com\/de\/wp-json\/wp\/v2\/pages"}],"about":[{"href":"https:\/\/sebastus.com\/de\/wp-json\/wp\/v2\/types\/page"}],"author":[{"embeddable":true,"href":"https:\/\/sebastus.com\/de\/wp-json\/wp\/v2\/users\/5"}],"replies":[{"embeddable":true,"href":"https:\/\/sebastus.com\/de\/wp-json\/wp\/v2\/comments?post=35246"}],"version-history":[{"count":2,"href":"https:\/\/sebastus.com\/de\/wp-json\/wp\/v2\/pages\/35246\/revisions"}],"predecessor-version":[{"id":35248,"href":"https:\/\/sebastus.com\/de\/wp-json\/wp\/v2\/pages\/35246\/revisions\/35248"}],"wp:attachment":[{"href":"https:\/\/sebastus.com\/de\/wp-json\/wp\/v2\/media?parent=35246"}],"curies":[{"name":"wp","href":"https:\/\/api.w.org\/{rel}","templated":true}]}}