{"id":43488,"date":"2024-12-03T15:26:12","date_gmt":"2024-12-03T15:26:12","guid":{"rendered":"https:\/\/sebastus.com\/?page_id=43488"},"modified":"2024-12-03T15:26:13","modified_gmt":"2024-12-03T15:26:13","slug":"rhodes","status":"publish","type":"page","link":"https:\/\/sebastus.com\/de\/segelurlaub-griechenland\/rhodes\/","title":{"rendered":"Rhodes"},"content":{"rendered":"\n<section id=\"\" class=\"section hero-section hero-section--overlay\">\n  <div class=\"hero-section__container\">\n                  <img decoding=\"async\" width=\"2048\" height=\"1064\" src=\"https:\/\/sebastus.com\/wp-content\/uploads\/2024\/12\/ben-morris-E2MsGeCa36Q-unsplash-1-scaled-e1733239535972.jpg\" class=\"hero-section__image hero-section__image--desktop\" alt=\"\" \/>                    <img decoding=\"async\" width=\"1562\" height=\"2048\" src=\"https:\/\/sebastus.com\/wp-content\/uploads\/2024\/12\/vlad-kiselov-ubCp3fN7md0-unsplash-1-scaled.jpg\" class=\"hero-section__image hero-section__image--mobile\" alt=\"\" srcset=\"https:\/\/sebastus.com\/wp-content\/uploads\/2024\/12\/vlad-kiselov-ubCp3fN7md0-unsplash-1-scaled.jpg 1562w, https:\/\/sebastus.com\/wp-content\/uploads\/2024\/12\/vlad-kiselov-ubCp3fN7md0-unsplash-1-586x768.jpg 586w, https:\/\/sebastus.com\/wp-content\/uploads\/2024\/12\/vlad-kiselov-ubCp3fN7md0-unsplash-1-781x1024.jpg 781w, https:\/\/sebastus.com\/wp-content\/uploads\/2024\/12\/vlad-kiselov-ubCp3fN7md0-unsplash-1-768x1007.jpg 768w, https:\/\/sebastus.com\/wp-content\/uploads\/2024\/12\/vlad-kiselov-ubCp3fN7md0-unsplash-1-1172x1536.jpg 1172w\" sizes=\"(max-width: 1562px) 100vw, 1562px\" \/>              <div class=\"hero-section__content \" style=\"--desktop-height:60vh;--mobile-height:50vh;\">\n              <h1 class=\"hero-section__headline\">\n          Rhodos Segelf\u00fchrer        <\/h1>\n                    <div class=\"hero-section__subheadline\">\n          <p>Rhodos, die gr\u00f6\u00dfte der Dodekanes-Inseln, bietet eine Mischung aus antiken Ruinen und mittelalterlichem Charme.<\/p>\n        <\/div>\n                    <a href=\"https:\/\/sebastus.com\/de\/massgeschneiderter-segelurlaub\/\" class=\"hero-section__button btn btn--transparent-white\" target=\"_self\">\n          Jetzt anfragen        <\/a>\n                      <\/div>\n  <\/div>\n<\/section>\n\n\n\n<section id=\"promo\" class=\"section columns-text-section js-check-scroll columns-text-section--background-image columns-text-section--negative-style\" style=\"--padding-top-desktop:20px;--padding-bottom-desktop:20px;--padding-top-mobile:20px;--padding-bottom-mobile:20px;\">\n        <img decoding=\"async\" width=\"2000\" height=\"1125\" src=\"https:\/\/sebastus.com\/wp-content\/uploads\/2022\/07\/shutterstock_1600377907.jpg\" class=\"columns-text-section__background-image object-fit\" alt=\"luxury motor yacht with deck lights on in the night\" srcset=\"https:\/\/sebastus.com\/wp-content\/uploads\/2022\/07\/shutterstock_1600377907.jpg 2000w, https:\/\/sebastus.com\/wp-content\/uploads\/2022\/07\/shutterstock_1600377907-768x432.jpg 768w, https:\/\/sebastus.com\/wp-content\/uploads\/2022\/07\/shutterstock_1600377907-1024x576.jpg 1024w, https:\/\/sebastus.com\/wp-content\/uploads\/2022\/07\/shutterstock_1600377907-1536x864.jpg 1536w\" sizes=\"(max-width: 2000px) 100vw, 2000px\" \/>    <div class=\"section__container\">\n              <div class=\"columns-text-section__text content-media-style\" style=\"--column-count:1;\">\n        <h4>BLACK SAILING WEEK<\/h4>\n<p>Up to 35% discounts and extra 5% on all bookings made until November 30th, 2023<\/p>\n<p><a class=\"btn \" href=\"https:\/\/sebastus.com\/tailored-vacation\/\" target=\"_self\">Enquire Now<\/a><\/p>\n      <\/div>\n          <\/div>\n<\/section>\n\n\n\n<section id=\"\" class=\"section destinations-section js-check-scroll destinations-section--package\">\n  <div class=\"background-text destinations-section__background-text\">\n      <\/div>\n  <div class=\"section__container\">\n        <header class=\"section__heading section__heading--small-margin\">\n      <div class=\"section__heading-container\">\n                  <h2 class=\"section__heading-title u-text-size--huge\">\n            W\u00e4hlen Sie eine Route f\u00fcr Ihren perfekten Segelurlaub          <\/h2>\n                      <\/div>\n    <\/header>\n    \n                  <div class=\"destinations-section__single-wrapper\">\n                    <div class=\"destinations-section__destinations swiper-container js-destinations-slider\">\n            <div class=\"swiper-wrapper\">\n                              <div class=\"destinations-section__destination destinations-section__destination--package swiper-slide\">\n                  <div class=\"destinations-section__destination-media\">\n                    <a href=\"https:\/\/sebastus.com\/sailing-holidays-greece\/dodecanese-islands-route\/\" target=\"_self\">\n                      <img decoding=\"async\" width=\"2048\" height=\"1341\" src=\"https:\/\/sebastus.com\/wp-content\/uploads\/2023\/11\/antonio-magri-uY3Dw1GgskE-unsplash-1-scaled.jpg\" class=\"destinations-section__destination-media-image\" alt=\"boats anchored in a turquoise bay on Rhodes island\" srcset=\"https:\/\/sebastus.com\/wp-content\/uploads\/2023\/11\/antonio-magri-uY3Dw1GgskE-unsplash-1-scaled.jpg 2048w, https:\/\/sebastus.com\/wp-content\/uploads\/2023\/11\/antonio-magri-uY3Dw1GgskE-unsplash-1-768x503.jpg 768w, https:\/\/sebastus.com\/wp-content\/uploads\/2023\/11\/antonio-magri-uY3Dw1GgskE-unsplash-1-1024x670.jpg 1024w, https:\/\/sebastus.com\/wp-content\/uploads\/2023\/11\/antonio-magri-uY3Dw1GgskE-unsplash-1-1536x1006.jpg 1536w\" sizes=\"(max-width: 2048px) 100vw, 2048px\" \/>                    <\/a>\n                  <\/div>\n                  <div class=\"destinations-section__destination-content\">\n                    <h3 class=\"destinations-section__destination-content-title\">7 days sailing itinerary to the Dodecanese islands<\/h3>\n                    <div class=\"destinations-section__destination-content-description\"><p>Navigating the crystal-clear waters around Dodecanese ispands offers a chance to explore secluded bays and picturesque harbours<\/p>\n<\/div>\n                    <div class=\"destinations-section__destination-content-bottom\">\n                      <a href=\"https:\/\/sebastus.com\/sailing-holidays-greece\/dodecanese-islands-route\/\" class=\"destinations-section__destination-content-button btn btn--full-width\" target=\"_self\">\n                        Find out more                      <\/a>\n                    <\/div>\n                  <\/div>\n                <\/div>\n                          <\/div>\n            <div class=\"swiper-button-next swiper-button-next--round swiper-button-next--destinations\"><\/div>\n            <div class=\"swiper-button-prev swiper-button-prev--round swiper-button-prev--destinations\"><\/div>\n          <\/div>\n        <\/div>\n            <\/div>\n<\/section>\n\n\n<section id=\"\" class=\"section columns-text-section js-check-scroll\" style=\"--padding-top-desktop:0pxpx;--padding-bottom-desktop:0pxpx;--padding-top-mobile:0pxpx;--padding-bottom-mobile:0pxpx;\">\n      <div class=\"section__container\">\n          <header class=\"section__heading section__heading--smaller-margin\">\n        <div class=\"section__heading-container\">\n                      <h2 class=\"section__heading-title u-text-size--huge\">\n              \u00dcber Rhodos            <\/h2>\n                            <\/div>\n      <\/header>\n              <div class=\"columns-text-section__text content-media-style\" style=\"--column-count:1;\">\n        <p>Rhodos liegt im \u00c4g\u00e4ischen Meer und ist eine faszinierende griechische Insel, die f\u00fcr ihre reiche Geschichte, ihre atemberaubenden Str\u00e4nde und ihre lebendige Atmosph\u00e4re bekannt ist. Rhodos ist die gr\u00f6\u00dfte der Dodekanes-Inseln und bietet eine Mischung aus antiken Ruinen und mittelalterlichem Charme. Die Stadt Rhodos wurde von der UNESCO zum Weltkulturerbe erkl\u00e4rt und verf\u00fcgt \u00fcber eine gut erhaltene mittelalterliche Altstadt mit dem pr\u00e4chtigen Palast des Gro\u00dfmeisters und einem Labyrinth gepflasterter Gassen.<\/p>\n<p>Die Insel bietet auch eine Reihe sch\u00f6ner Str\u00e4nde, von Sandstr\u00e4nden bis hin zu abgelegenen Buchten. Besucher k\u00f6nnen antike Ruinen erkunden, die k\u00f6stliche griechische K\u00fcche genie\u00dfen oder einfach unter der mediterranen Sonne entspannen, was Rhodos zu einem abwechslungsreichen und faszinierenden Reiseziel macht.<\/p>\n      <\/div>\n          <\/div>\n<\/section>\n\n\n\n<section id=\"\" class=\"section columns-section colBlockZeroDown\" style=\"\">\n    <div class=\"section__container columns-section__container\">\n\n                  <div class=\"columns-section__column content-media-style\">\n          <img decoding=\"async\" width=\"2048\" height=\"1365\" src=\"https:\/\/sebastus.com\/wp-content\/uploads\/2024\/12\/antonio-magri-mAOTatwrE_o-unsplash-2-1-scaled.jpg\" class=\"columns-section__main-image\" alt=\"\" srcset=\"https:\/\/sebastus.com\/wp-content\/uploads\/2024\/12\/antonio-magri-mAOTatwrE_o-unsplash-2-1-scaled.jpg 2048w, https:\/\/sebastus.com\/wp-content\/uploads\/2024\/12\/antonio-magri-mAOTatwrE_o-unsplash-2-1-768x512.jpg 768w, https:\/\/sebastus.com\/wp-content\/uploads\/2024\/12\/antonio-magri-mAOTatwrE_o-unsplash-2-1-1024x683.jpg 1024w, https:\/\/sebastus.com\/wp-content\/uploads\/2024\/12\/antonio-magri-mAOTatwrE_o-unsplash-2-1-1536x1024.jpg 1536w\" sizes=\"(max-width: 2048px) 100vw, 2048px\" \/>        <\/div>\n          \n    <div class=\"columns-section__column\">\n              <h2 class=\"columns-section__headline\">\n          Segelbedingungen um Rhodos        <\/h2>\n                    <div class=\"columns-section__subheadline content-media-style\">\n          <p>Die <a href=\"https:\/\/sebastus.com\/de\/wann-ist-die-beste-zeit-um-in-griechenland-zu-segeln\/\">Segelbedingungen<\/a> rund um Rhodos sind im Allgemeinen g\u00fcnstig und machen die Insel zu einem beliebten Ziel f\u00fcr Segler. Die Insel hat ein mediterranes Klima mit zuverl\u00e4ssigen Winden, vor allem in den Sommermonaten. Der Meltemi weht aus n\u00f6rdlicher Richtung und bietet hervorragende Segelm\u00f6glichkeiten.<\/p>\n<p>In den kristallklaren Gew\u00e4ssern rund um Rhodos haben Sie die M\u00f6glichkeit, abgelegene Buchten, malerische H\u00e4fen und nahe gelegene Inseln zu erkunden und so ein unvergessliches Segelerlebnis zu genie\u00dfen.<\/p>\n        <\/div>\n                <\/div>\n  <\/div>\n<\/section>\n\n\n\n<section id=\"\" class=\"section columns-section colBlockZeroDown\" style=\"\">\n    <div class=\"section__container columns-section__container\">\n\n                  <div class=\"columns-section__column content-media-style\">\n          <img decoding=\"async\" width=\"2048\" height=\"1365\" src=\"https:\/\/sebastus.com\/wp-content\/uploads\/2024\/12\/ka-hem-ig7xqf3rD0c-unsplash-1-scaled.jpg\" class=\"columns-section__main-image\" alt=\"\" srcset=\"https:\/\/sebastus.com\/wp-content\/uploads\/2024\/12\/ka-hem-ig7xqf3rD0c-unsplash-1-scaled.jpg 2048w, https:\/\/sebastus.com\/wp-content\/uploads\/2024\/12\/ka-hem-ig7xqf3rD0c-unsplash-1-768x512.jpg 768w, https:\/\/sebastus.com\/wp-content\/uploads\/2024\/12\/ka-hem-ig7xqf3rD0c-unsplash-1-1024x683.jpg 1024w, https:\/\/sebastus.com\/wp-content\/uploads\/2024\/12\/ka-hem-ig7xqf3rD0c-unsplash-1-1536x1024.jpg 1536w\" sizes=\"(max-width: 2048px) 100vw, 2048px\" \/>        <\/div>\n          \n    <div class=\"columns-section__column\">\n              <h2 class=\"columns-section__headline\">\n          Beste Liegepl\u00e4tze um Rhodos        <\/h2>\n                    <div class=\"columns-section__subheadline content-media-style\">\n          <p>Rhodos bietet mehrere fantastische Anlegestellen f\u00fcr Segler. Eine beliebte Wahl ist der Mandraki-Hafen in Rhodos-Stadt, der im Herzen der mittelalterlichen Altstadt liegt und eine lebhafte Atmosph\u00e4re mit leichtem Zugang zu Restaurants, Gesch\u00e4ften und historischen St\u00e4tten bietet.<\/p>\n<p>Die Bucht von Anthony Quinn, benannt nach dem ber\u00fchmten Schauspieler, bietet eine malerische Kulisse mit kristallklarem Wasser und atemberaubenden Klippen. Das malerische Dorf Lindos bietet einen charmanten Hafen, in dem Boote anlegen k\u00f6nnen, w\u00e4hrend Besucher die Akropolis erkunden und durch die engen, wei\u00df get\u00fcnchten Gassen schlendern.<\/p>\n        <\/div>\n                <\/div>\n  <\/div>\n<\/section>\n\n\n\n<section id=\"\" class=\"section columns-section\" style=\"\">\n    <div class=\"section__container columns-section__container\">\n\n                  <div class=\"columns-section__column content-media-style\">\n          <img decoding=\"async\" width=\"2048\" height=\"1536\" src=\"https:\/\/sebastus.com\/wp-content\/uploads\/2024\/12\/deniz-vatan-gYbdGN8Wf9A-unsplash-1-scaled.jpg\" class=\"columns-section__main-image\" alt=\"\" srcset=\"https:\/\/sebastus.com\/wp-content\/uploads\/2024\/12\/deniz-vatan-gYbdGN8Wf9A-unsplash-1-scaled.jpg 2048w, https:\/\/sebastus.com\/wp-content\/uploads\/2024\/12\/deniz-vatan-gYbdGN8Wf9A-unsplash-1-768x576.jpg 768w, https:\/\/sebastus.com\/wp-content\/uploads\/2024\/12\/deniz-vatan-gYbdGN8Wf9A-unsplash-1-1024x768.jpg 1024w, https:\/\/sebastus.com\/wp-content\/uploads\/2024\/12\/deniz-vatan-gYbdGN8Wf9A-unsplash-1-1536x1152.jpg 1536w\" sizes=\"(max-width: 2048px) 100vw, 2048px\" \/>        <\/div>\n          \n    <div class=\"columns-section__column\">\n              <h2 class=\"columns-section__headline\">\n          Warum ist Rhodos bei Seglern so beliebt?        <\/h2>\n                    <div class=\"columns-section__subheadline content-media-style\">\n          <p>Rhodos ist bei Seglern sehr beliebt, denn die g\u00fcnstigen Segelbedingungen, darunter zuverl\u00e4ssige Winde wie der <strong>Meltemi<\/strong>, bieten hervorragende M\u00f6glichkeiten f\u00fcr Segelbegeisterte.<\/p>\n<p>Dar\u00fcber hinaus ist die Insel aufgrund ihrer strategischen Lage in der \u00c4g\u00e4is ein idealer Ausgangspunkt f\u00fcr die Erkundung der wundersch\u00f6nen <strong>Inselgruppe des Dodekanes<\/strong>, die eine Vielzahl von Segelrouten, atemberaubenden Ankerpl\u00e4tzen und malerischen H\u00e4fen zum Entdecken und Genie\u00dfen bietet.<\/p>\n        <\/div>\n                <\/div>\n  <\/div>\n<\/section>\n\n\n<section  id=\"\" class=\"b-faq-2022 c-block\">\n\t\t\n\t\t\t\t<div class=\"c-background c-background-default\">\n\t\t\t\t\t\t\t\t\t\t\t<\/div>\n\t\t<div class=\"container container-luxury-small\">\n\t\t<div class=\"row\">\n\t\t\t<div class=\"col text-center\">\n\t\t\t\t\t\t\t<\/div>\n\t\t<\/div>\n\t<\/div>\n\t<div class=\"container\">\n\t\t<div class=\"accordion2022\">\n\t\t\t\t\t\t\t<div class=\"accordion2022-single-item\">\n\t\t\t\t\t<button class=\"accordion \">\n\t\t\t\t\t\tWann ist die beste Jahreszeit zum Segeln auf Rhodos?\t\t\t\t\t<\/button>\n\t\t\t\t\t<div class=\"accordion-content\">\n\t\t\t\t\t\t\t\n\t\t<div \n\t\t\tclass=\"c-text c-text-default\"\n\t\t\t\t\t>\n\t\t\t<p>Die beste Segelzeit ist zwischen Mai und Oktober, wobei die Hauptsaison im Juli und August liegt. Die Meltemi-Winde sind im Sommer am st\u00e4rksten und bieten hervorragende Segelbedingungen.<\/p>\n\t\t<\/div>\n\t\t\t\t\t\t<\/div>\n\t\t\t\t<\/div>\n\t\t\t\t\t\t\t<div class=\"accordion2022-single-item\">\n\t\t\t\t\t<button class=\"accordion \">\n\t\t\t\t\t\tWie sind die Yachthafeneinrichtungen auf Rhodos\t\t\t\t\t<\/button>\n\t\t\t\t\t<div class=\"accordion-content\">\n\t\t\t\t\t\t\t\n\t\t<div \n\t\t\tclass=\"c-text c-text-default\"\n\t\t\t\t\t>\n\t\t\t<p>Der Yachthafen von Rhodos und der Hafen von Mandraki sind gut ausgestattet und bieten Liegepl\u00e4tze, Treibstoff, Wasser, Strom und nahe gelegene Annehmlichkeiten.<\/p>\n\t\t<\/div>\n\t\t\t\t\t\t<\/div>\n\t\t\t\t<\/div>\n\t\t\t\t\t\t\t<div class=\"accordion2022-single-item\">\n\t\t\t\t\t<button class=\"accordion \">\n\t\t\t\t\t\tGibt es Einschr\u00e4nkungen oder Genehmigungen, die f\u00fcr das Segeln erforderlich sind?\t\t\t\t\t<\/button>\n\t\t\t\t\t<div class=\"accordion-content\">\n\t\t\t\t\t\t\t\n\t\t<div \n\t\t\tclass=\"c-text c-text-default\"\n\t\t\t\t\t>\n\t\t\t<p>F\u00fcr die Freizeitschifffahrt sind in der Regel keine besonderen Genehmigungen erforderlich, aber es ist wichtig, die Seefahrtsvorschriften zu beachten und milit\u00e4rische Sperrgebiete zu meiden.<\/p>\n\t\t<\/div>\n\t\t\t\t\t\t<\/div>\n\t\t\t\t<\/div>\n\t\t\t\t\t<\/div>\n\t<\/div>\n\t<div class=\"container\">\n\t\t<div class=\"row\">\n\t\t\t<div class=\"col text-center\">\n\t\t\t\t\t\t\t\t\n\t\t\t\t\n\t\t\t<\/div>\n\t\t<\/div>\n\t<\/div>\n<\/section>\n\n<script type=\"application\/ld+json\">\n\t{\n\t  \"@context\": \"https:\/\/schema.org\",\n\t  \"@type\": \"FAQPage\",\n\t  \"mainEntity\": [\n\t\t\t\t\t\t\t{\n\t\t\t\t\t\"@type\": \"Question\",\n\t\t\t\t\t\"name\": \"Wann ist die beste Jahreszeit zum Segeln auf Rhodos?\",\n\t\t\t\t\t\"acceptedAnswer\": \n\t\t\t\t\t{\n\t\t\t\t\t\t\"@type\": \"Answer\",\n\t\t\t\t\t\t\"text\": \"<p>Die beste Segelzeit ist zwischen Mai und Oktober, wobei die Hauptsaison im Juli und August liegt. Die Meltemi-Winde sind im Sommer am st\\u00e4rksten und bieten hervorragende Segelbedingungen.<\\\/p>\\n\"\t\t\t\t\t}\n\t\t\t\t},\t\t\t\t\t\t\t{\n\t\t\t\t\t\"@type\": \"Question\",\n\t\t\t\t\t\"name\": \"Wie sind die Yachthafeneinrichtungen auf Rhodos\",\n\t\t\t\t\t\"acceptedAnswer\": \n\t\t\t\t\t{\n\t\t\t\t\t\t\"@type\": \"Answer\",\n\t\t\t\t\t\t\"text\": \"<p>Der Yachthafen von Rhodos und der Hafen von Mandraki sind gut ausgestattet und bieten Liegepl\\u00e4tze, Treibstoff, Wasser, Strom und nahe gelegene Annehmlichkeiten.<\\\/p>\\n\"\t\t\t\t\t}\n\t\t\t\t},\t\t\t\t\t\t\t{\n\t\t\t\t\t\"@type\": \"Question\",\n\t\t\t\t\t\"name\": \"Gibt es Einschr\\u00e4nkungen oder Genehmigungen, die f\\u00fcr das Segeln erforderlich sind?\",\n\t\t\t\t\t\"acceptedAnswer\": \n\t\t\t\t\t{\n\t\t\t\t\t\t\"@type\": \"Answer\",\n\t\t\t\t\t\t\"text\": \"<p>F\\u00fcr die Freizeitschifffahrt sind in der Regel keine besonderen Genehmigungen erforderlich, aber es ist wichtig, die Seefahrtsvorschriften zu beachten und milit\\u00e4rische Sperrgebiete zu meiden.<\\\/p>\\n\"\t\t\t\t\t}\n\t\t\t\t}\t\t\t\t\t]\n\t}\n   <\/script>\n\n\n<section id=\"\" class=\"section newsletter-section\" style=\"background-color:#f1f1f1;\">\n  <div class=\"section__container newsletter-section__container\">\n    <div class=\"newsletter-section__column\">\n              <h2 class=\"newsletter-section__headline\">\n          Abonnieren Sie unseren Newsletter und wir nehmen Sie mit auf virtuellen Yachtcharter-Urlaub        <\/h2>\n                    <div class=\"newsletter-section__subheadline\">\n          Erhalten Sie die besten Angebote, ein Paar lokale Geheimtipps und n\u00fctzliche Tipps und T\u00f6rnvorschl\u00e4gen.        <\/div>\n                    <div class=\"newsletter-section__form js-newsletter-form\">\n          \n<div class=\"wpcf7 no-js\" id=\"wpcf7-f127-o1\" lang=\"en-US\" dir=\"ltr\" data-wpcf7-id=\"127\">\n<div class=\"screen-reader-response\"><p role=\"status\" aria-live=\"polite\" aria-atomic=\"true\"><\/p> <ul><\/ul><\/div>\n<form action=\"\/de\/wp-json\/wp\/v2\/pages\/43488#wpcf7-f127-o1\" method=\"post\" class=\"wpcf7-form init 6044cc6a7616 cmatic-conn cmatic-aud-10 cmatic-mapd0-0 cmatic-v0978 cmatic-sent-0 cmatic-total-736 wpcf7-acceptance-as-validation\" aria-label=\"Contact form\" novalidate=\"novalidate\" data-status=\"init\">\n<fieldset class=\"hidden-fields-container\"><input type=\"hidden\" name=\"_wpcf7\" value=\"127\" \/><input type=\"hidden\" name=\"_wpcf7_version\" value=\"6.1.5\" \/><input type=\"hidden\" name=\"_wpcf7_locale\" value=\"en_US\" \/><input type=\"hidden\" name=\"_wpcf7_unit_tag\" value=\"wpcf7-f127-o1\" \/><input type=\"hidden\" name=\"_wpcf7_container_post\" value=\"0\" \/><input type=\"hidden\" name=\"_wpcf7_posted_data_hash\" value=\"\" \/><input type=\"hidden\" name=\"_wpcf7_recaptcha_response\" value=\"\" \/>\n<\/fieldset>\n<div class=\"newsletter-wrapper\"><label>Ihr Name<\/label><span class=\"wpcf7-form-control-wrap\" data-name=\"newsletter-name\"><input size=\"40\" maxlength=\"400\" class=\"wpcf7-form-control wpcf7-text wpcf7-validates-as-required\" aria-required=\"true\" aria-invalid=\"false\" placeholder=\"Geben Sie Ihren Namen ein\" value=\"\" type=\"text\" name=\"newsletter-name\" \/><\/span><label>E-mail adresse<\/label><span class=\"wpcf7-form-control-wrap\" data-name=\"newsletter-email\"><input size=\"40\" maxlength=\"400\" class=\"wpcf7-form-control wpcf7-email wpcf7-validates-as-required wpcf7-text wpcf7-validates-as-email\" aria-required=\"true\" aria-invalid=\"false\" placeholder=\"Ihre E-Mail....\" value=\"\" type=\"email\" name=\"newsletter-email\" \/><\/span><span class=\"wpcf7-form-control-wrap\" data-name=\"privacy-policy\"><span class=\"wpcf7-form-control wpcf7-acceptance\"><span class=\"wpcf7-list-item\"><label><input type=\"checkbox\" name=\"privacy-policy\" value=\"1\" class=\"input-checkbox\" aria-invalid=\"false\" \/><span class=\"wpcf7-list-item-label\"><span class=\"checkbox__icon\"><\/span>Ich bin mit der <a href=https:\/\/sebastus.com\/de\/privacy-policy>Datenschutzerkl\u00e4rung einverstanden<\/a><\/span><\/label><\/span><\/span><\/span><input class=\"wpcf7-form-control wpcf7-submit has-spinner\" type=\"submit\" value=\"Jetzt Newsletter abbonieren\" \/><span id=\"wpcf7-69ea07b22917a-wrapper\" class=\"wpcf7-form-control-wrap honeypot-367-wrap\" style=\"display:none !important; visibility:hidden !important;\"><label for=\"wpcf7-69ea07b22917a-field\" class=\"hp-message\">Please leave this field empty.<\/label><input id=\"wpcf7-69ea07b22917a-field\"  class=\"wpcf7-form-control wpcf7-text\" type=\"text\" name=\"honeypot-367\" value=\"\" size=\"40\" tabindex=\"-1\" autocomplete=\"new-password\" \/><\/span><\/div><div class=\"wpcf7-response-output\" aria-hidden=\"true\"><\/div>\n<\/form>\n<\/div>\n        <\/div>\n                    <div class=\"newsletter-section__gdpr-text\">\n                  <\/div>\n          <\/div>\n    <div class=\"newsletter-section__column newsletter-section__column--image\">\n      <img decoding=\"async\" width=\"677\" height=\"714\" src=\"https:\/\/sebastus.com\/wp-content\/uploads\/2021\/12\/newsletter-sailing2.jpg\" class=\"newsletter-section__image object-fit\" alt=\"\" \/>      <div class=\"newsletter-section__first-icon\">\n        Schaffen Sie Raum f\u00fcr Abenteuer        <img decoding=\"async\" src=\"https:\/\/sebastus.com\/wp-content\/uploads\/2021\/06\/newsletter-icon-2.svg\" class=\"newsletter-section__first-icon-image\" alt=\"\">\n      <\/div>\n      <div class=\"newsletter-section__second-icon\">\n        <img decoding=\"async\" src=\"https:\/\/sebastus.com\/wp-content\/uploads\/2021\/06\/Icon-_-Desktop-_-Bullet-_-Routes.svg\" alt=\"\">\n      <\/div>\n    <\/div>\n  <\/div>\n\n  <!-- Modal example -->\n  <div class=\"modal modal--thank modal--thank-newsletter js-modal-element js-modal-newsletter-thank\" style=\"--max-width:510px;\">\n    <div class=\"modal__content\">\n      <h5 class=\"modal__content-title\">\n        Vielen Dank f\u00fcrs Abonnieren!      <\/h5>\n      <div class=\"modal__content-description\">\n        In a few minutes you will recieve a confirmation e-mail to        <span class=\"js-find-your-yacht-user-email is-bold\"><\/span>.\n      <\/div>\n      <button class=\"modal__content-button btn btn--blue js-modal-close\">\n        Weiter surfen      <\/button>\n    <\/div>\n  <\/div>\n  <div class=\"modal-overlay js-modal-close\"><\/div>\n  <!-- Modal example. -->\n<\/section>\n","protected":false},"excerpt":{"rendered":"","protected":false},"author":8,"featured_media":0,"parent":3342,"menu_order":0,"comment_status":"closed","ping_status":"closed","template":"","meta":{"_acf_changed":false,"inline_featured_image":false,"footnotes":""},"class_list":["post-43488","page","type-page","status-publish","hentry"],"acf":{"h1_override":"","h2_override":""},"aioseo_notices":[],"_links":{"self":[{"href":"https:\/\/sebastus.com\/de\/wp-json\/wp\/v2\/pages\/43488","targetHints":{"allow":["GET"]}}],"collection":[{"href":"https:\/\/sebastus.com\/de\/wp-json\/wp\/v2\/pages"}],"about":[{"href":"https:\/\/sebastus.com\/de\/wp-json\/wp\/v2\/types\/page"}],"author":[{"embeddable":true,"href":"https:\/\/sebastus.com\/de\/wp-json\/wp\/v2\/users\/8"}],"replies":[{"embeddable":true,"href":"https:\/\/sebastus.com\/de\/wp-json\/wp\/v2\/comments?post=43488"}],"version-history":[{"count":21,"href":"https:\/\/sebastus.com\/de\/wp-json\/wp\/v2\/pages\/43488\/revisions"}],"predecessor-version":[{"id":43530,"href":"https:\/\/sebastus.com\/de\/wp-json\/wp\/v2\/pages\/43488\/revisions\/43530"}],"up":[{"embeddable":true,"href":"https:\/\/sebastus.com\/de\/wp-json\/wp\/v2\/pages\/3342"}],"wp:attachment":[{"href":"https:\/\/sebastus.com\/de\/wp-json\/wp\/v2\/media?parent=43488"}],"curies":[{"name":"wp","href":"https:\/\/api.w.org\/{rel}","templated":true}]}}