{"id":6760,"date":"2020-12-23T11:52:16","date_gmt":"2020-12-23T11:52:16","guid":{"rendered":"https:\/\/sebastus.com\/?page_id=6760"},"modified":"2020-12-23T13:58:30","modified_gmt":"2020-12-23T13:58:30","slug":"covid-19-notice","status":"publish","type":"page","link":"https:\/\/sebastus.com\/de\/covid-19-notice\/","title":{"rendered":"Covid &#8211; 19 Notice"},"content":{"rendered":"\n<section id=\"\" class=\"section success-section success-section--covid\">\n  <div class=\"success-section__column success-section__column--image\" style=\"background-image: url(https:\/\/sebastus.com\/wp-content\/uploads\/2020\/12\/covid-notice-image.jpg);\"><\/div>\n  <div class=\"success-section__column success-section__column--content\">\n    <div class=\"background-text success-section__background-text\">\n      Segel    <\/div>\n    <div class=\"success-section__content content-style content-media-style\">\n      <h1 class=\"success-section__title\">\n        Covid &#8211; 19 Hinweis      <\/h1>\n      <p>Die Gesundheit und Sicherheit unserer Kunden hat bei Sebastus Sailing Priorit\u00e4t. Es ist unser Interesse, unseren Kunden die besten Buchungsbedingungen und mehr Sicherheit bei Reisen w\u00e4hrend der COVID-19 zu garantieren. Wir \u00fcberwachen t\u00e4glich die Situation und stehen in st\u00e4ndigem Kontakt mit unseren Charterpartnern, um g\u00fcnstige Stornierungsbedingungen f\u00fcr den Fall potenzieller neuer Szenarien auszuhandeln. Bestimmte Charterunternehmen haben unterschiedliche Stornierungsrichtlinien. Aus diesem Grund empfehlen wir allen unseren Kunden, sich vor der Buchung bei ihrem Sebastus-Vertreter zu erkundigen, um die genauen Stornierungsbedingungen f\u00fcr ihre Charter zu erfahren.<\/p>\n<p>Wenn Sie weitere Fragen haben, wenden Sie sich bitte an Ihren Segelurlaubsexperten.<\/p>\n    <\/div>\n  <\/div>\n<\/section>\n","protected":false},"excerpt":{"rendered":"","protected":false},"author":1,"featured_media":0,"parent":0,"menu_order":0,"comment_status":"closed","ping_status":"closed","template":"","meta":{"_acf_changed":false,"inline_featured_image":false,"footnotes":""},"class_list":["post-6760","page","type-page","status-publish","hentry"],"acf":{"h1_override":"","h2_override":""},"aioseo_notices":[],"_links":{"self":[{"href":"https:\/\/sebastus.com\/de\/wp-json\/wp\/v2\/pages\/6760","targetHints":{"allow":["GET"]}}],"collection":[{"href":"https:\/\/sebastus.com\/de\/wp-json\/wp\/v2\/pages"}],"about":[{"href":"https:\/\/sebastus.com\/de\/wp-json\/wp\/v2\/types\/page"}],"author":[{"embeddable":true,"href":"https:\/\/sebastus.com\/de\/wp-json\/wp\/v2\/users\/1"}],"replies":[{"embeddable":true,"href":"https:\/\/sebastus.com\/de\/wp-json\/wp\/v2\/comments?post=6760"}],"version-history":[{"count":3,"href":"https:\/\/sebastus.com\/de\/wp-json\/wp\/v2\/pages\/6760\/revisions"}],"predecessor-version":[{"id":6782,"href":"https:\/\/sebastus.com\/de\/wp-json\/wp\/v2\/pages\/6760\/revisions\/6782"}],"wp:attachment":[{"href":"https:\/\/sebastus.com\/de\/wp-json\/wp\/v2\/media?parent=6760"}],"curies":[{"name":"wp","href":"https:\/\/api.w.org\/{rel}","templated":true}]}}