{"id":25831,"date":"2020-09-04T07:55:51","date_gmt":"2020-09-04T07:55:51","guid":{"rendered":"https:\/\/sebastus.com\/blog\/"},"modified":"2024-11-25T14:15:16","modified_gmt":"2024-11-25T14:15:16","slug":"blog","status":"publish","type":"page","link":"https:\/\/sebastus.com\/hr\/blog\/","title":{"rendered":"Blog"},"content":{"rendered":"\n<section id=\"promo\" class=\"section columns-text-section js-check-scroll columns-text-section--background-image columns-text-section--negative-style\" style=\"--padding-top-desktop:20px;--padding-bottom-desktop:20px;--padding-top-mobile:20px;--padding-bottom-mobile:20px;\">\n        <img decoding=\"async\" width=\"2000\" height=\"1125\" src=\"https:\/\/sebastus.com\/wp-content\/uploads\/2022\/07\/shutterstock_1600377907.jpg\" class=\"columns-text-section__background-image object-fit\" alt=\"luxury motor yacht with deck lights on in the night\" srcset=\"https:\/\/sebastus.com\/wp-content\/uploads\/2022\/07\/shutterstock_1600377907.jpg 2000w, https:\/\/sebastus.com\/wp-content\/uploads\/2022\/07\/shutterstock_1600377907-768x432.jpg 768w, https:\/\/sebastus.com\/wp-content\/uploads\/2022\/07\/shutterstock_1600377907-1024x576.jpg 1024w, https:\/\/sebastus.com\/wp-content\/uploads\/2022\/07\/shutterstock_1600377907-1536x864.jpg 1536w\" sizes=\"(max-width: 2000px) 100vw, 2000px\" \/>    <div class=\"section__container\">\n              <div class=\"columns-text-section__text content-media-style\" style=\"--column-count:1;\">\n        <h4>BLACK SAILING WEEK<\/h4>\n<p>Do 35% popusta na najam brodova i extra 5% na sve rezervacije do 2.12.2024.<\/p>\n<p><a class=\"btn\" href=\"https:\/\/sebastus.com\/hr\/personalizirano-jedrenje\/\" target=\"_self\">Po\u0161aljite upit<\/a><\/p>\n      <\/div>\n          <\/div>\n<\/section>\n\n\n\n<section id=\"\" class=\"section posts-section posts-section--blog\">\n  <div class=\"section__container\">\n    <header class=\"section__heading section__heading--blog-margin\">\n      <div class=\"section__heading-container\">\n                  <h2 class=\"section__heading-title section__heading-title--blog u-text-size--huge\">\n            Blog          <\/h2>\n                      <\/div>\n          <\/header>\n    <div class=\"posts-section__posts-container js-posts-container posts-section__posts-container--blog\">\n      <article class=\"article-grid  article-grid--blog\">\n  <div class=\"article-grid__container article-grid__container--blog\">\n    <div class=\"article-grid__media article-grid__media--blog\">\n      <a href=\"https:\/\/sebastus.com\/hr\/intervju-sa-skipericom-zrinkom-hrvoj\/\" class=\"article-grid__image-link\" aria-label=\"Upoznajte najvje\u0161tiju hrvatsku skipericu \u2013 intervju sa Zrinkom Hrvoj\">\n        <img decoding=\"async\" width=\"2048\" height=\"1365\" src=\"https:\/\/sebastus.com\/wp-content\/uploads\/2023\/05\/DSC01275-1-1-scaled.jpg\" class=\"article-grid__media-image article-grid__media-image--blog\" alt=\"\" srcset=\"https:\/\/sebastus.com\/wp-content\/uploads\/2023\/05\/DSC01275-1-1-scaled.jpg 2048w, https:\/\/sebastus.com\/wp-content\/uploads\/2023\/05\/DSC01275-1-1-768x512.jpg 768w, https:\/\/sebastus.com\/wp-content\/uploads\/2023\/05\/DSC01275-1-1-1024x683.jpg 1024w, https:\/\/sebastus.com\/wp-content\/uploads\/2023\/05\/DSC01275-1-1-1536x1024.jpg 1536w\" sizes=\"(max-width: 2048px) 100vw, 2048px\" \/>      <\/a>\n    <\/div>\n    <div class=\"article-grid__content article-grid__content--blog\">\n      <header>\n        <a class=\"article-grid__heading-link\" href=\"https:\/\/sebastus.com\/hr\/intervju-sa-skipericom-zrinkom-hrvoj\/\">\n          <h3 class=\"article-grid__heading\">\n            Upoznajte najvje\u0161tiju hrvatsku skipericu \u2013 intervju sa Zrinkom Hrvoj          <\/h3>\n        <\/a>\n      <\/header>\n      <div class=\"article-grid__excerpt article-grid__excerpt--blog\">\n        Skiperica Zrinka nam otkriva neke tajne svog uspjeha, izazove koje je do\u017eivjela i nezaboravne trenutke koji su obilje\u017eili njezin morski \u017eivot <a href=\"https:\/\/sebastus.com\/hr\/intervju-sa-skipericom-zrinkom-hrvoj\/\">Saznajte vi\u0161e<\/a>      <\/div>\n    <\/div>\n  <\/div>\n<\/article>\n<article class=\"article-grid  article-grid--blog\">\n  <div class=\"article-grid__container article-grid__container--blog\">\n    <div class=\"article-grid__media article-grid__media--blog\">\n      <a href=\"https:\/\/sebastus.com\/hr\/koliko-kosta-najam-jedrilice-u-hrvatskoj\/\" class=\"article-grid__image-link\" aria-label=\"Koliko ko\u0161ta najam jedrilice u Hrvatskoj\">\n        <img decoding=\"async\" width=\"1920\" height=\"1280\" src=\"https:\/\/sebastus.com\/wp-content\/uploads\/2023\/01\/Hvar-Holiday-Sailing-1.webp\" class=\"article-grid__media-image article-grid__media-image--blog\" alt=\"Luftaufnahme der Pakleni-Inseln\" srcset=\"https:\/\/sebastus.com\/wp-content\/uploads\/2023\/01\/Hvar-Holiday-Sailing-1.webp 1920w, https:\/\/sebastus.com\/wp-content\/uploads\/2023\/01\/Hvar-Holiday-Sailing-1-768x512.webp 768w, https:\/\/sebastus.com\/wp-content\/uploads\/2023\/01\/Hvar-Holiday-Sailing-1-1024x683.webp 1024w, https:\/\/sebastus.com\/wp-content\/uploads\/2023\/01\/Hvar-Holiday-Sailing-1-1536x1024.webp 1536w\" sizes=\"(max-width: 1920px) 100vw, 1920px\" \/>      <\/a>\n    <\/div>\n    <div class=\"article-grid__content article-grid__content--blog\">\n      <header>\n        <a class=\"article-grid__heading-link\" href=\"https:\/\/sebastus.com\/hr\/koliko-kosta-najam-jedrilice-u-hrvatskoj\/\">\n          <h3 class=\"article-grid__heading\">\n            Koliko ko\u0161ta najam jedrilice u Hrvatskoj          <\/h3>\n        <\/a>\n      <\/header>\n      <div class=\"article-grid__excerpt article-grid__excerpt--blog\">\n        Kada po\u010dnete planirati svoj odmor iz snova, jedno od prvih pitanja koje \u0107ete vjerojatno imati je o kojem se tro\u0161ku radi. Od samog najma i putovanja do tro\u0161kova hrane i vi\u0161e, morate dobiti \u0161to vi\u0161e informacija vezanih na sve svoje tro\u0161kove prije nego \u0161to se odlu\u010dite za rezervaciju. Ako ste <a href=\"https:\/\/sebastus.com\/hr\/koliko-kosta-najam-jedrilice-u-hrvatskoj\/\">Saznajte vi\u0161e<\/a>      <\/div>\n    <\/div>\n  <\/div>\n<\/article>\n<article class=\"article-grid  article-grid--blog\">\n  <div class=\"article-grid__container article-grid__container--blog\">\n    <div class=\"article-grid__media article-grid__media--blog\">\n      <a href=\"https:\/\/sebastus.com\/hr\/last-minute-jedrenje-najbolje-last-minute-ponude-carter-brodova\/\" class=\"article-grid__image-link\" aria-label=\"Last minute jedrenje \u2013 najbolje last minute ponude \u010darter brodova\">\n        <img decoding=\"async\" width=\"1775\" height=\"1181\" src=\"https:\/\/sebastus.com\/wp-content\/uploads\/2022\/12\/AdobeStock_151079419.jpeg\" class=\"article-grid__media-image article-grid__media-image--blog\" alt=\"boats anchored in a protected Croatian bay\" srcset=\"https:\/\/sebastus.com\/wp-content\/uploads\/2022\/12\/AdobeStock_151079419.jpeg 1775w, https:\/\/sebastus.com\/wp-content\/uploads\/2022\/12\/AdobeStock_151079419-768x511.jpeg 768w, https:\/\/sebastus.com\/wp-content\/uploads\/2022\/12\/AdobeStock_151079419-1024x681.jpeg 1024w, https:\/\/sebastus.com\/wp-content\/uploads\/2022\/12\/AdobeStock_151079419-1536x1022.jpeg 1536w\" sizes=\"(max-width: 1775px) 100vw, 1775px\" \/>      <\/a>\n    <\/div>\n    <div class=\"article-grid__content article-grid__content--blog\">\n      <header>\n        <a class=\"article-grid__heading-link\" href=\"https:\/\/sebastus.com\/hr\/last-minute-jedrenje-najbolje-last-minute-ponude-carter-brodova\/\">\n          <h3 class=\"article-grid__heading\">\n            Last minute jedrenje \u2013 najbolje last minute ponude \u010darter brodova          <\/h3>\n        <\/a>\n      <\/header>\n      <div class=\"article-grid__excerpt article-grid__excerpt--blog\">\n        Last minute ponude brodova odnose se na prili\u010dno kratak vremenski raspon izme\u0111u rezervacije broda i isplovljavanja. Saznajte vi\u0161e o last minute rezervacijama. <a href=\"https:\/\/sebastus.com\/hr\/last-minute-jedrenje-najbolje-last-minute-ponude-carter-brodova\/\">Saznajte vi\u0161e<\/a>      <\/div>\n    <\/div>\n  <\/div>\n<\/article>\n<article class=\"article-grid  article-grid--blog\">\n  <div class=\"article-grid__container article-grid__container--blog\">\n    <div class=\"article-grid__media article-grid__media--blog\">\n      <a href=\"https:\/\/sebastus.com\/hr\/jedrenje-izvan-sezone-najam-carter-jahti-na-mediteranu-u-podsezoni\/\" class=\"article-grid__image-link\" aria-label=\"Jedrenje izvan sezone \u2013 Najam \u010darter jahti na Mediteranu u podsezoni\">\n        <img decoding=\"async\" width=\"2048\" height=\"1365\" src=\"https:\/\/sebastus.com\/wp-content\/uploads\/2022\/08\/AdobeStock_248884126-1-scaled.jpeg\" class=\"article-grid__media-image article-grid__media-image--blog\" alt=\"young sailor with a sailing jacket\" srcset=\"https:\/\/sebastus.com\/wp-content\/uploads\/2022\/08\/AdobeStock_248884126-1-scaled.jpeg 2048w, https:\/\/sebastus.com\/wp-content\/uploads\/2022\/08\/AdobeStock_248884126-1-768x512.jpeg 768w, https:\/\/sebastus.com\/wp-content\/uploads\/2022\/08\/AdobeStock_248884126-1-1024x683.jpeg 1024w, https:\/\/sebastus.com\/wp-content\/uploads\/2022\/08\/AdobeStock_248884126-1-1536x1024.jpeg 1536w\" sizes=\"(max-width: 2048px) 100vw, 2048px\" \/>      <\/a>\n    <\/div>\n    <div class=\"article-grid__content article-grid__content--blog\">\n      <header>\n        <a class=\"article-grid__heading-link\" href=\"https:\/\/sebastus.com\/hr\/jedrenje-izvan-sezone-najam-carter-jahti-na-mediteranu-u-podsezoni\/\">\n          <h3 class=\"article-grid__heading\">\n            Jedrenje izvan sezone \u2013 Najam \u010darter jahti na Mediteranu u podsezoni          <\/h3>\n        <\/a>\n      <\/header>\n      <div class=\"article-grid__excerpt article-grid__excerpt--blog\">\n        Nekim iskusnim jedrili\u010darima nisu bitni sunce i restorani, nego tra\u017ee izazovna iskustva u kojima mogu osjetiti snagu hladnog vjetra u jedrima.  <a href=\"https:\/\/sebastus.com\/hr\/jedrenje-izvan-sezone-najam-carter-jahti-na-mediteranu-u-podsezoni\/\">Saznajte vi\u0161e<\/a>      <\/div>\n    <\/div>\n  <\/div>\n<\/article>\n<article class=\"article-grid  article-grid--blog\">\n  <div class=\"article-grid__container article-grid__container--blog\">\n    <div class=\"article-grid__media article-grid__media--blog\">\n      <a href=\"https:\/\/sebastus.com\/hr\/najam-jedrilice-bez-skipera\/\" class=\"article-grid__image-link\" aria-label=\"Najam jedrilice bez skipera\">\n        <img decoding=\"async\" width=\"1022\" height=\"400\" src=\"https:\/\/sebastus.com\/wp-content\/uploads\/2022\/03\/rsz_1rsz_1adobestock_200047362.jpg\" class=\"article-grid__media-image article-grid__media-image--blog\" alt=\"Boat skipper sailing\" srcset=\"https:\/\/sebastus.com\/wp-content\/uploads\/2022\/03\/rsz_1rsz_1adobestock_200047362.jpg 1022w, https:\/\/sebastus.com\/wp-content\/uploads\/2022\/03\/rsz_1rsz_1adobestock_200047362-768x301.jpg 768w\" sizes=\"(max-width: 1022px) 100vw, 1022px\" \/>      <\/a>\n    <\/div>\n    <div class=\"article-grid__content article-grid__content--blog\">\n      <header>\n        <a class=\"article-grid__heading-link\" href=\"https:\/\/sebastus.com\/hr\/najam-jedrilice-bez-skipera\/\">\n          <h3 class=\"article-grid__heading\">\n            Najam jedrilice bez skipera          <\/h3>\n        <\/a>\n      <\/header>\n      <div class=\"article-grid__excerpt article-grid__excerpt--blog\">\n        Osnovni uvjet za najam jedrilice bez skipera je iskustvo, osposobljenost i posjedovanje odgovaraju\u0107ih dozvola. <a href=\"https:\/\/sebastus.com\/hr\/najam-jedrilice-bez-skipera\/\">Saznajte vi\u0161e<\/a>      <\/div>\n    <\/div>\n  <\/div>\n<\/article>\n<article class=\"article-grid  article-grid--blog\">\n  <div class=\"article-grid__container article-grid__container--blog\">\n    <div class=\"article-grid__media article-grid__media--blog\">\n      <a href=\"https:\/\/sebastus.com\/hr\/charter-u-hrvatskoj\/\" class=\"article-grid__image-link\" aria-label=\"Charter u Hrvatskoj\">\n        <img decoding=\"async\" width=\"720\" height=\"480\" src=\"https:\/\/sebastus.com\/wp-content\/uploads\/2021\/05\/Primosten-Route-3.jpg\" class=\"article-grid__media-image article-grid__media-image--blog\" alt=\"\" \/>      <\/a>\n    <\/div>\n    <div class=\"article-grid__content article-grid__content--blog\">\n      <header>\n        <a class=\"article-grid__heading-link\" href=\"https:\/\/sebastus.com\/hr\/charter-u-hrvatskoj\/\">\n          <h3 class=\"article-grid__heading\">\n            Charter u Hrvatskoj          <\/h3>\n        <\/a>\n      <\/header>\n      <div class=\"article-grid__excerpt article-grid__excerpt--blog\">\n        Najam jedrilica i katamarana u Hrvatskoj svake je godine sve popularniji me\u0111u jedrili\u010darima iz cijelog svijeta. <a href=\"https:\/\/sebastus.com\/hr\/charter-u-hrvatskoj\/\">Saznajte vi\u0161e<\/a>      <\/div>\n    <\/div>\n  <\/div>\n<\/article>\n<article class=\"article-grid  article-grid--blog\">\n  <div class=\"article-grid__container article-grid__container--blog\">\n    <div class=\"article-grid__media article-grid__media--blog\">\n      <a href=\"https:\/\/sebastus.com\/hr\/troskovi-najma-jahte-koliko-iznosi-najam-jahte\/\" class=\"article-grid__image-link\" aria-label=\"Tro\u0161kovi najma jahte: Koliko iznosi najam jahte\">\n        <img decoding=\"async\" width=\"2000\" height=\"1513\" src=\"https:\/\/sebastus.com\/wp-content\/uploads\/2022\/06\/shutterstock_1202082946.jpg\" class=\"article-grid__media-image article-grid__media-image--blog\" alt=\"Luxury yacht charter on the ocean with a small boat in front\" srcset=\"https:\/\/sebastus.com\/wp-content\/uploads\/2022\/06\/shutterstock_1202082946.jpg 2000w, https:\/\/sebastus.com\/wp-content\/uploads\/2022\/06\/shutterstock_1202082946-768x581.jpg 768w, https:\/\/sebastus.com\/wp-content\/uploads\/2022\/06\/shutterstock_1202082946-1024x775.jpg 1024w, https:\/\/sebastus.com\/wp-content\/uploads\/2022\/06\/shutterstock_1202082946-1536x1162.jpg 1536w\" sizes=\"(max-width: 2000px) 100vw, 2000px\" \/>      <\/a>\n    <\/div>\n    <div class=\"article-grid__content article-grid__content--blog\">\n      <header>\n        <a class=\"article-grid__heading-link\" href=\"https:\/\/sebastus.com\/hr\/troskovi-najma-jahte-koliko-iznosi-najam-jahte\/\">\n          <h3 class=\"article-grid__heading\">\n            Tro\u0161kovi najma jahte: Koliko iznosi najam jahte          <\/h3>\n        <\/a>\n      <\/header>\n      <div class=\"article-grid__excerpt article-grid__excerpt--blog\">\n        U Sebastus Sailingu trudimo se dati vam sve potrebne informacije prije va\u0161e kona\u010dne odluke. Tako da smo osmislili ovaj priru\u010dni vodi\u010d koji \u0107e odgovoriti na sva va\u0161a pitanja! <a href=\"https:\/\/sebastus.com\/hr\/troskovi-najma-jahte-koliko-iznosi-najam-jahte\/\">Saznajte vi\u0161e<\/a>      <\/div>\n    <\/div>\n  <\/div>\n<\/article>\n<article class=\"article-grid  article-grid--blog\">\n  <div class=\"article-grid__container article-grid__container--blog\">\n    <div class=\"article-grid__media article-grid__media--blog\">\n      <a href=\"https:\/\/sebastus.com\/hr\/krstarenje-jadranom-top-7-odredista\/\" class=\"article-grid__image-link\" aria-label=\"Krstarenje Jadranom. Ne propustite ovih 7 odredi\u0161ta.\">\n        <img decoding=\"async\" width=\"1080\" height=\"720\" src=\"https:\/\/sebastus.com\/wp-content\/uploads\/2021\/11\/sailing-in-croatia.jpg\" class=\"article-grid__media-image article-grid__media-image--blog\" alt=\"sailing in croatia, popular destinations in croatia, valun port\" srcset=\"https:\/\/sebastus.com\/wp-content\/uploads\/2021\/11\/sailing-in-croatia.jpg 1080w, https:\/\/sebastus.com\/wp-content\/uploads\/2021\/11\/sailing-in-croatia-768x512.jpg 768w, https:\/\/sebastus.com\/wp-content\/uploads\/2021\/11\/sailing-in-croatia-1024x683.jpg 1024w\" sizes=\"(max-width: 1080px) 100vw, 1080px\" \/>      <\/a>\n    <\/div>\n    <div class=\"article-grid__content article-grid__content--blog\">\n      <header>\n        <a class=\"article-grid__heading-link\" href=\"https:\/\/sebastus.com\/hr\/krstarenje-jadranom-top-7-odredista\/\">\n          <h3 class=\"article-grid__heading\">\n            Krstarenje Jadranom. Ne propustite ovih 7 odredi\u0161ta.          <\/h3>\n        <\/a>\n      <\/header>\n      <div class=\"article-grid__excerpt article-grid__excerpt--blog\">\n        Ako sanjate o najmu plovila u Hrvatskoj , nemojte propustiti ovih 7 odredi\u0161ta za va\u0161 savr\u0161eni odmor! Hrvatska nudi nevjerojatnu obalu i mno\u0161tvo gradova za istra\u017eivanje. <a href=\"https:\/\/sebastus.com\/hr\/krstarenje-jadranom-top-7-odredista\/\">Saznajte vi\u0161e<\/a>      <\/div>\n    <\/div>\n  <\/div>\n<\/article>\n<article class=\"article-grid  article-grid--blog\">\n  <div class=\"article-grid__container article-grid__container--blog\">\n    <div class=\"article-grid__media article-grid__media--blog\">\n      <a href=\"https:\/\/sebastus.com\/hr\/savjeti-prilikom-jedrenja-s-djecom\/\" class=\"article-grid__image-link\" aria-label=\"Najbolji savjeti prilikom jedrenja s djecom\">\n        <img decoding=\"async\" width=\"1080\" height=\"691\" src=\"https:\/\/sebastus.com\/wp-content\/uploads\/2022\/04\/best-family-sailing-trips.jpg\" class=\"article-grid__media-image article-grid__media-image--blog\" alt=\"Eltern bringen ihren Kindern das Segeln bei\" srcset=\"https:\/\/sebastus.com\/wp-content\/uploads\/2022\/04\/best-family-sailing-trips.jpg 1080w, https:\/\/sebastus.com\/wp-content\/uploads\/2022\/04\/best-family-sailing-trips-768x491.jpg 768w, https:\/\/sebastus.com\/wp-content\/uploads\/2022\/04\/best-family-sailing-trips-1024x655.jpg 1024w\" sizes=\"(max-width: 1080px) 100vw, 1080px\" \/>      <\/a>\n    <\/div>\n    <div class=\"article-grid__content article-grid__content--blog\">\n      <header>\n        <a class=\"article-grid__heading-link\" href=\"https:\/\/sebastus.com\/hr\/savjeti-prilikom-jedrenja-s-djecom\/\">\n          <h3 class=\"article-grid__heading\">\n            Najbolji savjeti prilikom jedrenja s djecom          <\/h3>\n        <\/a>\n      <\/header>\n      <div class=\"article-grid__excerpt article-grid__excerpt--blog\">\n        Prvi puta plovite s djecom? Pomo\u0107i \u0107emo vam savjetima kako bi va\u0161 odmor pro\u0161ao lagano, opu\u0161teno i glatko. <a href=\"https:\/\/sebastus.com\/hr\/savjeti-prilikom-jedrenja-s-djecom\/\">Saznajte vi\u0161e<\/a>      <\/div>\n    <\/div>\n  <\/div>\n<\/article>\n<article class=\"article-grid  article-grid--blog\">\n  <div class=\"article-grid__container article-grid__container--blog\">\n    <div class=\"article-grid__media article-grid__media--blog\">\n      <a href=\"https:\/\/sebastus.com\/hr\/5-reasons-why-you-dont-want-to-skip-a-skipper\/\" class=\"article-grid__image-link\" aria-label=\"5 razloga za\u0161to ne \u017eelite presko\u010diti skipera\">\n        <img decoding=\"async\" width=\"1079\" height=\"472\" src=\"https:\/\/sebastus.com\/wp-content\/uploads\/2021\/06\/DSC01554-1.jpg\" class=\"article-grid__media-image article-grid__media-image--blog\" alt=\"Female skipper at the helm showing a point\" srcset=\"https:\/\/sebastus.com\/wp-content\/uploads\/2021\/06\/DSC01554-1.jpg 1079w, https:\/\/sebastus.com\/wp-content\/uploads\/2021\/06\/DSC01554-1-768x336.jpg 768w\" sizes=\"(max-width: 1079px) 100vw, 1079px\" \/>      <\/a>\n    <\/div>\n    <div class=\"article-grid__content article-grid__content--blog\">\n      <header>\n        <a class=\"article-grid__heading-link\" href=\"https:\/\/sebastus.com\/hr\/5-reasons-why-you-dont-want-to-skip-a-skipper\/\">\n          <h3 class=\"article-grid__heading\">\n            5 razloga za\u0161to ne \u017eelite presko\u010diti skipera          <\/h3>\n        <\/a>\n      <\/header>\n      <div class=\"article-grid__excerpt article-grid__excerpt--blog\">\n        Ako plovite prvi put ili nemate valjanu plovidbenu dozvolu, preporu\u010da se anga\u017eirati profesionalnog skipera.  <a href=\"https:\/\/sebastus.com\/hr\/5-reasons-why-you-dont-want-to-skip-a-skipper\/\">Saznajte vi\u0161e<\/a>      <\/div>\n    <\/div>\n  <\/div>\n<\/article>\n<article class=\"article-grid  article-grid--blog\">\n  <div class=\"article-grid__container article-grid__container--blog\">\n    <div class=\"article-grid__media article-grid__media--blog\">\n      <a href=\"https:\/\/sebastus.com\/hr\/sebastus-story\/\" class=\"article-grid__image-link\" aria-label=\"Pri\u010da o Sebastusu\">\n        <img decoding=\"async\" width=\"1100\" height=\"733\" src=\"https:\/\/sebastus.com\/wp-content\/uploads\/2020\/05\/AdobeStock_188462158-scaled-e1633434862238.jpeg\" class=\"article-grid__media-image article-grid__media-image--blog\" alt=\"viele Segelboote in der ruhigen See\" \/>      <\/a>\n    <\/div>\n    <div class=\"article-grid__content article-grid__content--blog\">\n      <header>\n        <a class=\"article-grid__heading-link\" href=\"https:\/\/sebastus.com\/hr\/sebastus-story\/\">\n          <h3 class=\"article-grid__heading\">\n            Pri\u010da o Sebastusu          <\/h3>\n        <\/a>\n      <\/header>\n      <div class=\"article-grid__excerpt article-grid__excerpt--blog\">\n        Every company is special and has its own unique mission, vision, and goal. Sebastus is more than just a sailing agency. It is also a firm basis for the establishment of a foundation aiming to help children in the terminal stages of leukemia. <a href=\"https:\/\/sebastus.com\/hr\/sebastus-story\/\">Saznajte vi\u0161e<\/a>      <\/div>\n    <\/div>\n  <\/div>\n<\/article>\n<article class=\"article-grid  article-grid--blog\">\n  <div class=\"article-grid__container article-grid__container--blog\">\n    <div class=\"article-grid__media article-grid__media--blog\">\n      <a href=\"https:\/\/sebastus.com\/hr\/why-we-love-sailing-and-you-would-too\/\" class=\"article-grid__image-link\" aria-label=\"Za\u0161to mi volimo jedrenje, a voljeli biste ga i vi\">\n        <img decoding=\"async\" width=\"1920\" height=\"433\" src=\"https:\/\/sebastus.com\/wp-content\/uploads\/2020\/04\/lovesailing.jpg\" class=\"article-grid__media-image article-grid__media-image--blog\" alt=\"\" srcset=\"https:\/\/sebastus.com\/wp-content\/uploads\/2020\/04\/lovesailing.jpg 1920w, https:\/\/sebastus.com\/wp-content\/uploads\/2020\/04\/lovesailing-768x173.jpg 768w, https:\/\/sebastus.com\/wp-content\/uploads\/2020\/04\/lovesailing-1536x346.jpg 1536w\" sizes=\"(max-width: 1920px) 100vw, 1920px\" \/>      <\/a>\n    <\/div>\n    <div class=\"article-grid__content article-grid__content--blog\">\n      <header>\n        <a class=\"article-grid__heading-link\" href=\"https:\/\/sebastus.com\/hr\/why-we-love-sailing-and-you-would-too\/\">\n          <h3 class=\"article-grid__heading\">\n            Za\u0161to mi volimo jedrenje, a voljeli biste ga i vi          <\/h3>\n        <\/a>\n      <\/header>\n      <div class=\"article-grid__excerpt article-grid__excerpt--blog\">\n        No matter how many times you set sail, you will never have the exact same experience. Every trip provides the opportunity to see new and unfamiliar places. Let us tell you all the sailing benefits in this article. <a href=\"https:\/\/sebastus.com\/hr\/why-we-love-sailing-and-you-would-too\/\">Saznajte vi\u0161e<\/a>      <\/div>\n    <\/div>\n  <\/div>\n<\/article>\n    <\/div>\n          <div class=\"posts-section__load-more\">\n        <button class=\"btn js-load-more-posts\" data-post-offset=\"60\" data-blog-layout=\"1\">\n          u\u010ditaj vi\u0161e postova        <\/button>\n      <\/div>\n      <\/div>\n<\/section>\n\n\n","protected":false},"excerpt":{"rendered":"","protected":false},"author":1,"featured_media":0,"parent":0,"menu_order":0,"comment_status":"closed","ping_status":"closed","template":"","meta":{"_acf_changed":false,"inline_featured_image":false,"footnotes":""},"class_list":["post-25831","page","type-page","status-publish","hentry"],"acf":{"h1_override":"","h2_override":""},"aioseo_notices":[],"_links":{"self":[{"href":"https:\/\/sebastus.com\/hr\/wp-json\/wp\/v2\/pages\/25831","targetHints":{"allow":["GET"]}}],"collection":[{"href":"https:\/\/sebastus.com\/hr\/wp-json\/wp\/v2\/pages"}],"about":[{"href":"https:\/\/sebastus.com\/hr\/wp-json\/wp\/v2\/types\/page"}],"author":[{"embeddable":true,"href":"https:\/\/sebastus.com\/hr\/wp-json\/wp\/v2\/users\/1"}],"replies":[{"embeddable":true,"href":"https:\/\/sebastus.com\/hr\/wp-json\/wp\/v2\/comments?post=25831"}],"version-history":[{"count":4,"href":"https:\/\/sebastus.com\/hr\/wp-json\/wp\/v2\/pages\/25831\/revisions"}],"predecessor-version":[{"id":43191,"href":"https:\/\/sebastus.com\/hr\/wp-json\/wp\/v2\/pages\/25831\/revisions\/43191"}],"wp:attachment":[{"href":"https:\/\/sebastus.com\/hr\/wp-json\/wp\/v2\/media?parent=25831"}],"curies":[{"name":"wp","href":"https:\/\/api.w.org\/{rel}","templated":true}]}}