{"id":27585,"date":"2020-08-04T10:17:33","date_gmt":"2020-08-04T10:17:33","guid":{"rendered":"https:\/\/sebastus.com\/general-terms-conditions-of-use\/"},"modified":"2022-03-02T18:09:11","modified_gmt":"2022-03-02T18:09:11","slug":"general-terms-conditions-of-use","status":"publish","type":"page","link":"https:\/\/sebastus.com\/hr\/general-terms-conditions-of-use\/","title":{"rendered":"Op\u0107i uvjeti i pravila kori\u0161tenja"},"content":{"rendered":"\n<h4>1. Strane<\/h4>\n\n\n\n<p>1.1 Ovi Op\u0107i uvjeti i pravila kori\u0161tenja (dalje u tekstu: Op\u0107i uvjeti) reguliraju me\u0111usobna prava i obveze u odnosu na usluge koje pru\u017ea dru\u0161tvo Sebastus sailing d.o.o. (dalje u tekstu: Sebastus sailing), identifikacijski broj za PDV: HR06001546604, Ulica Franje Petra\u010di\u0107a 6, 10000 Zagreb, Hrvatska, putem svoje Web stranice na domeni sebastus.com (dalje u tekstu: Web stranica) ili bilo koje druge Web stranice u vlasni\u0161tvu Sebastus sailing d.o.o.<\/p>\n\n\n\n<p>1.2 Korisnik je definiran kao svaki posjetitelj, pojedinac ili ovla\u0161teni predstavnik pravne osobe koji pristupa Web stranici tra\u017ee\u0107i podatke o uslugama i ponudama Operatora Brodova. Korisnici koriste uslugu radi Rezervacije Broda. Rije\u010di i pojmovi kori\u0161teni u ovim Op\u0107im uvjetima koji imaju rodna zna\u010denja odnose se jednako na svaki rod, neovisno u kojem su rodu kori\u0161teni. Maloljetna osoba (mla\u0111i od 18 godina) ne mo\u017ee izvr\u0161iti Rezervaciju.<\/p>\n\n\n\n<p>Korisnik na vlastitu odgovornost izjavljuje da je odrasla osoba i da su svi osobni podaci istiniti i to\u010dni. Korisnik jam\u010di da je pravno ovla\u0161ten potpisati obrazac za Rezervaciju, osiguran od strane Sebastus sailinga, u svoje ime ili za druge, u \u010dije ime je ovla\u0161ten djelovati. Korisnik pristaje pridr\u017eavati se Op\u0107ih uvjeta i prihva\u0107a da se isti odnose na njega.<\/p>\n\n\n\n<p>1.3 Sebastus sailing zadr\u017eava pravo ukloniti, bez najave, svakog Korisnika koji o sebi unese neto\u010dne podatke.<\/p>\n\n\n\n<p>1.4 Rezervacija: Bilo koja Rezervacija Broda, kojeg na Web stranici nudi Operator, a koju izvr\u0161i Korisnik.<\/p>\n\n\n\n<p>1.5 Polog: Iznos novca kojeg je Korisnik du\u017ean platiti prilikom Rezervacije Broda. Sigurnosni Polog biti \u0107e vra\u0107en Korisniku nakon zavr\u0161etka plovidbe, osim u slu\u010daju \u0161tete na Brodu, po\u010dinjene od strane Korisnika i u ostalim slu\u010dajevima koje odredi Operator.<\/p>\n\n\n\n<p>1.6 Cijena je ukupna cijena usluge koju Korisnik pla\u0107a za Rezervaciju Broda.<\/p>\n\n\n\n<p>1.7 Operater: potpuno poslovno sposobna fizi\u010dka osoba ili uredno zastupana pravna osoba koja je pravni i stvarni vlasnik Plovila ili je opunomo\u0107ena od strane pravnog i stvarnog vlasnika Plovila ili osoba koja ima ekskluzivno bezuvjetno pravo koristiti i objaviti Brod na Web stranici kako bi Korisnik izvr\u0161io Rezervaciju. Sebastus sailing je s Operatorima sklopio ugovore o suradnji za potrebe pru\u017eanja usluga Rezervacije Brodova.<\/p>\n\n\n\n<p>1.8 Brod\/Plovilo: \u010damci, jedrilice, katamarani, motorni \u010damci, jahte, guleti, trimarani i svaka druga vrsta plovila na moru, jezeru ili rijeci odre\u0111enog Operatora, objavljena na Web stranici radi Rezervacije od strane Korisnika. Sebastus sailing je posrednik za Rezerviranje tih Plovila koja su objavljena na Web stranici Sebastus sailinga. Dodatne usluge koje se odnose na Brodove (npr. \u010di\u0161\u0107enje, skiper, itd.) mogu ali i ne moraju biti uklju\u010dene u usluge i one su posebno navedene za svaki Brod na Web stranici.<\/p>\n\n\n\n<h4>2. <strong>UVJETI KORI\u0160TENJA USLUGE<\/strong><\/h4>\n\n\n\n<p>2.1 Sebastus sailing nudi usluge najma Plovila za rekreaciju i druge popratne usluge i proizvode. Sebastus sailing djeluje kao posrednik izme\u0111u Korisnika i Operatora za Rezervaciju Plovila. Plovila se nalaze u flotama raznih Operatora. Korisnik potvr\u0111uje da pristaje na ove Op\u0107e uvjete kada po\u0161alje upit ili kada plati predujam.<\/p>\n\n\n\n<p>2.2 Usluga Rezervacije dostupna je isklju\u010divo odraslim potpuno poslovno sposobnim osobama ili osobama ovla\u0161tenim za zastupanje pravnih osoba, \u0161to iste potvr\u0111uju izvr\u0161enjem Rezervacije.<\/p>\n\n\n\n<p>2.3 Korisnik koji po\u0161alje upit ili trenutnu Rezervaciju, dozvoljava Sebastus sailingu da koristi njegove osobne podatke radi Rezervacije Plovila, a sve u skladu s Op\u0107om uredbom o za\u0161titi podataka (GDPR) i ostalim relevantnim odredbama. Sebastus sailing koristi osobne podatke Korisnika isklju\u010divo u svrhu za koju su prikupljeni. Osobni podaci Korisnika moraju biti dostupni Operatoru radi izvr\u0161enja Rezervacije Broda.<\/p>\n\n\n\n<p>2.4 Bro\u0161ure i promotivne ponude slati \u0107e se samo onim Korisnicima koji daju pristanak da \u017eele primati takve obavijesti. Korisnici mogu povu\u0107i taj pristanak u svakom trenutku. Za vi\u0161e informacija o privatnosti posjetite stranicu <em>Pravila privatnosti<\/em>.<\/p>\n\n\n\n<h4>3. The Service<\/h4>\n\n\n\n<p>3.1 Sebastus sailing stavio je na raspolaganje Internet platformu putem Web stranice, na kojoj Operatori mogu ponuditi Brodove za Rezervaciju. Operator mo\u017ee samostalno objaviti svoju Cijenu, a\u017eurirati dostupnost Rezervacija svojih Brodova, upravljati nadolaze\u0107im Rezervcijama, primati zahtjeve za Rezervaciju, dobivati recenzije za svoje usluge, objavljivati svoje uvjete i pravila kori\u0161tenja i druge podatke opisane u ovim Op\u0107im uvjetima putem Web stranice ili kroz web stranice tre\u0107ih strana.\u00a0<\/p>\n\n\n\n<p>3.2 Korisnik mo\u017ee Rezervirati odre\u0111eni Brod putem Web stranice. Rezerviraju\u0107i Brod putem Web stranice, svaki Korisnik stupa u ugovorni odnos s odre\u0111enim Operatorom. Sebastus sailing ili Web stranica je posrednik izme\u0111u Korisnika i Operatora, djeluje u ime i u korist Operatora. Sebastus sailing prenosi Operatoru pojedinosti Rezervacije i \u0161alje mu e-potvrdu o Rezervaciji. Sebastus sailing dobiva podatke prikazane na Web stranici izravno od Operatora ili kroz web stranice tre\u0107ih strana ovla\u0161tenih od strane Operatora. Operatori su u potpunosti odgovorni za a\u017euriranje svih tarifa, dostupnosti i ostalih podataka prikazanih na Web stranici. Sebastus sailing je odgovoran samo za uspostavljanje kontakta izme\u0111u Korisnika i Operatora. Sebastus sailing ne odgovara za neuspjeh pru\u017eene usluge ili za izvrsnost pru\u017eene usluge koje su dio ugovora izme\u0111u Operatora i Korisnika. Svaki Operator je i dalje odgovoran za to\u010dnost podataka (uklju\u010duju\u0107i odre\u0111ivanje Cijena i dostupnosti) prikazanih na Web stranici.<\/p>\n\n\n\n<p>3.3 Kada Korisnik putem Web stranice Rezervira Brod odre\u0111enog Operatora, idu\u0107i korak je potvrda Rezervacije. Nakon potvr\u0111ene Rezervacije Korisnik se obvezuje tom Rezervacijom, kao i uvjetima i odredbama iz ugovora koji \u0107e se primijeniti na tu Rezervaciju s odre\u0111enim Operatorom, uvjetima pla\u0107anja, otkazivanjima i ostalim pitanjima. Sebastus sailing nije stranka tog ugovora niti je obvezana uvjetima tog ugovora.<\/p>\n\n\n\n<h4>4. Prava i obveze<\/h4>\n\n\n\n<p>4.1 Sebastus sailing djeluje kao posrednik izme\u0111u Korisnika i Operatora. Sebastus sailing se obvezuje pru\u017eiti uslugu koja je u skladu s podacima o Rezervaciji, kako je navedeno u obrascu za Rezervacije. Sebastus sailing se obvezuje pomo\u0107i Korisniku prona\u0107i Brod koji odgovara njegovim potrebama i pomo\u0107i mu u postupkom Rezervacije prilikom kojeg \u0107e pru\u017eiti Korisniku sve neophodne podatke o smje\u0161taju na Brodu, rutama i mogu\u0107im dodatnim uslugama, ukoliko \u0107e Korisnik za njih biti zainteresiran. Sebastus sailing se obvezuje prikupiti neophodne dokumente, uz pristanak Korisnika, i obavijestiti Operatora o tim dokumentima u skladu s ugovorom koji je Sebastus sailing potpisao s Operatorom.<\/p>\n\n\n\n<p>4.2 Sebastus sailing primiti \u0107e uplatu od strane Korisnika u ime i u korist Operatora koji \u0107e pru\u017eiti uslugu, uklju\u010duju\u0107i i sve dodatne usluge koje je naveo Korisnik u obrascu za Rezervaciju na Web stranici. Dodatne usluge napla\u0107uju se prema cjeniku Operatora. Sebastus sailing prenosi uplatu Operatoru prema uvjetima utvr\u0111enim s tim Operatorom. Sebastus sailing radi za agencijsku proviziju.<\/p>\n\n\n\n<p>4.3 Nakon \u0161to Korisnik plati Cijenu usluge, Sebastus sailing dati \u0107e mu potvrdu o pla\u0107anju ugovorene usluge.<\/p>\n\n\n\n<p>4.4 Korisnik je obvezan pru\u017eiti to\u010dne i istinite podatke za tra\u017eene informacije u obrascu za Rezervaciju kao i u svim ostalim obrascima koje mora ispuniti radi ugovaranja usluga. Korisnik je obvezan pru\u017eiti Sebastus sailingu sve tra\u017eene podatke u svrhu sklapanja ugovornog odnosa i odgovaraju\u0107eg pru\u017eanja usluga. Korisnik pristaje da Sebastus sailing provjeri istinitost osobnih podataka kao i svih ostalih navedenih podataka i obvezuje se sura\u0111ivati sa Sebastus sailingom prilikom takve provjere. Korisnik tako\u0111er pristaje da se ti podaci podijele s Operatorom radi realizacije Rezervirane usluge.<\/p>\n\n\n\n<p>4.5 Korisnik je odgovoran za cjelokupnu uplatu ugovorene usluge, po\u0161tivanje postupka, razdoblja i koli\u010dine propisane ugovorom.<\/p>\n\n\n\n<p>4.6 Operator mora osigurati da je Brod dostavljen Korisniku odr\u017eavan i spreman za plovidbu. Operator se tako\u0111er obvezuje Korisniku predati Brod punog rezervoara. Ukoliko Korisnik ne nadopuni rezervoar gorivom, Operator mo\u017ee zara\u010dunati naknadu navedenu u Uvjetima Operatora.<\/p>\n\n\n\n<p>4.7 Korisnik izrijekom pristaje da \u0107e korektno koristiti usluge i u skladu s bilo kojim primjenjivim zakonima, propisima kao i prema va\u017ee\u0107im Op\u0107im uvjetima. Korisnik prihva\u0107a svaku odgovornost koja mo\u017ee proiza\u0107i iz nepravilnog kori\u0161tenja usluge i nepridr\u017eavanja Op\u0107ih uvjeta, zakona i propisa.<\/p>\n\n\n\n<h4>5. Polog<\/h4>\n\n\n\n<p>5.1 Polog je neophodan za sve Brodove. Operator odre\u0111uje iznos Pologa koji Korisnik mora platiti. Polog se pla\u0107a prije preuziman Broda. Polog je vrsta garancije Operatoru da \u0107e Korisnik i ostali gosti koristiti Brod bri\u017eljivo i izbjegavati o\u0161te\u0107enja.<\/p>\n\n\n\n<p>5.2 Operator pregledava Brod nakon plovidbe. Polog \u0107e se u cijelosti vratiti Korisniku ako Korisnik ne o\u0161teti Brod, ne izgubi opremu, ne kasni u povratku ili ne prekr\u0161i bilo koje pravilo propisano od strane Operatora.<\/p>\n\n\n\n<p>U slu\u010daju da Korisnik ili neki od njegovih gostiju slu\u010dajno ili nemarom prouzro\u0107i \u0161tetu (npr. kasni prilikom vra\u0107anja Broda u bazu, itd.), Polog se ne\u00a0 vra\u0107a Korisniku dijelom ili u cijelosti, jer \u0107e se time naknaditi prouzro\u010dena \u0161teta.<\/p>\n\n\n\n<h4>6. Pla\u0107anje<\/h4>\n\n\n\n<p>6.1 Za sva pla\u0107anja putem Web stranice Sebastus sailinga koristiti bankovni transfer (izravan prijenos sredstava s jednog ra\u010duna na drugi), u skladu s iznosom i uputama navedenim u Op\u0107im uvjetima i ponudi.<\/p>\n\n\n\n<p>6.2 Pla\u0107anje Rezervacije obavlja se prema dolje navedenim uputama<\/p>\n\n\n\n<ul><li>Za Rezervacije koje traju vi\u0161e od 30 dana do prijave (check-in) Korisnik mo\u017ee birati,<\/li><\/ul>\n\n\n\n<ol><li>platiti odmah u cijelosti 100% iznosa Rezervacije nakon odobrenja Rezervacije od strane Operatora<\/li><li>platiti 50% punog iznosa Rezervacije odmah nakon odobrenja Rezervacije od strane Operatora, a preostali iznos platiti unutar roka odre\u0111enog ugovorom (taj period je naj\u010de\u0161\u0107e izme\u0111u 50 i 30 dana od prije prijave (check-ina).<\/li><\/ol>\n\n\n\n<ul><li>Rok za uplatu mo\u017ee varirati ovisno o uvjetima ugovora s Operatorom. Sve pojedinosti koje odre\u0111uju rokove utvrditi \u0107e se u ugovoru izme\u0111u Korisnika i Operatora.<\/li><\/ul>\n\n\n\n<p>6.3 Za Rezervacije gdje je check-in kra\u0107i od 30 dana: Korisnik mora odmah platiti 100% naknade (osim ako se Operator i Korisnik druga\u010dije dogovore).<\/p>\n\n\n\n<p>6.4 Ukoliko Korisnik ne uplati Polog, jedan ili oba preostala iznosa unutar roka, Sebastus sailing ili Operator imaju pravo otkazati uslugu bez obveze povrata prethodno pla\u0107enih iznosa.<\/p>\n\n\n\n<h4>7. Otkazivanje<\/h4>\n\n\n\n<p>7.1 Ukoliko Korisnik otka\u017ee Rezervaciju mora znati da novac ne mora biti vra\u0107en. Korisnici mogu Rezervirati odre\u0111eni Brod putem Web stranice. Sebastus sailing i Operator savjetuju Korisnika da pro\u010dita uvjete Operatora prije Rezervacije, po\u0161to povrat uplate ovisi o Operatorovim uvjetima i odredbama o otkazivanju. Povrat novca je odgovornost Operatora. Sebastus sailing nije odgovoran ukoliko Operator odbije vratiti uplatu.<\/p>\n\n\n\n<p>7.2 Otkazivanje od strane Korisnika<\/p>\n\n\n\n<p>Ako Korisnik otka\u017ee najam unutar 24 sata od Rezervacije, dobiti \u0107e cijeli iznos od upla\u0107enog novca. Napominjemo da razdoblje od 24 sata po\u010dinje kada izvr\u0161ite Rezervaciju.<\/p>\n\n\n\n<p>Ukoliko nakon ovog razdoblja Korisnik \u017eeli\u00a0 iz bilo kojeg razloga otkazati uslugu, mora\u00a0 bez odlaganja o tome obavijestiti Sebastus sailing putem e-po\u0161te ili telefonom.\u00a0<\/p>\n\n\n\n<p>U slu\u010daju otkazivanja, obaveze pla\u0107anja odre\u0111uju se pojedina\u010dno ovisno o politici otkazivanja Operatora s kojim je ugovor sklopljen.<\/p>\n\n\n\n<p>7.3 Otkazivanje od strane Operatora<\/p>\n\n\n\n<p>Ukoliko do\u0111e do otkazivanja Rezervacije zbog gre\u0161ke Operatora, npr. zbog o\u0161te\u0107enja na Rezerviranom Plovilu ili zbog nekih drugih nepredvi\u0111enih okolnosti na Plovilu, Korisnik \u0107e rije\u0161iti te probleme s Operatorom u skladu s\u00a0 njegovim primjenjivim odredbama.<\/p>\n\n\n\n<p>U ve\u0107ini slu\u010dajeva, pote\u0161ko\u0107e se rje\u0161avaju na jedan od slijede\u0107ih na\u010dina:<\/p>\n\n\n\n<ul><li>Rezervacijom Plovila sli\u010dnih karakteristika i veli\u010dine iz iste flote<\/li><li>povratom primljenog iznosa za Plovilo.<\/li><\/ul>\n\n\n\n<p>Korisnik prihva\u0107a mogu\u0107nost suradnje i tra\u017ei najbolje mogu\u0107e rje\u0161enje ako je Plovilo o\u0161te\u0107eno na prethodnom jedrenju ili zbog vi\u0161e sile. U takvim slu\u010dajevima, Sebastus sailing i Operator ne smatraju se odgovornima.<\/p>\n\n\n\n<h4>8. <strong>PRIJAVA I ODJAVA (CHECK-IN I CHECK-OUT)<\/strong><\/h4>\n\n\n\n<p>8.1 Operator je obvezan predati Korisniku Plovilo spremno za jedrenje. To zna\u010di \u010disto, tehni\u010dki ispravno Plovilo, s opremom u skladu s popisom inventara, punih spremnika vode i goriva.<\/p>\n\n\n\n<p>8.2 Korisnik se obvezuje preuzeti od Operatora Rezervirano Plovilo u dogovorenoj luci za ukrcaj i provjeriti da li je Plovilo u skladu s ugovorom.<\/p>\n\n\n\n<p>8.3 U dogovorenoj luci Korisnik se obvezuje dostaviti Operatoru slijede\u0107u dokumentaciju: va\u017ee\u0107u osobnu iskaznicu ili putovnicu, propusnicu za ukrcaj (prema zahtjevu Operatora) i plovidbenu dozvolu, ako \u017eeli sam upravljati Brodom.<\/p>\n\n\n\n<p>8.4 Korisnik se obvezuje vratiti Plovilo u luku za iskrcaj. Ukoliko Korisnik to ne ispo\u0161tuje ili ukoliko vrati Plovilo u neku drugu luku, Korisnik je du\u017ean platiti sve nastale tro\u0161kove u vezi s transferom Broda, a\u00a0 u odredbama Operatora predvi\u0111ena je i dodatna kazna. Korisnici moraju vratiti Plovilo punog spremnika.<\/p>\n\n\n\n<h4>9. Nadle\u017enost<\/h4>\n\n\n\n<p>9.1 Strane \u0107e nastojati rije\u0161iti svaki spor mirnim putem.<\/p>\n\n\n\n<p>9.2 U mjeri dopu\u0161tenoj zakonom, ovi Op\u0107i uvjeti i pru\u017eanje na\u0161ih usluga tuma\u010diti \u0107e se i interpretirati te provoditi u skladu sa zakonima Republike Hrvatske. Obje strane prihva\u0107aju nadle\u017enost hrvatskih sudova.<\/p>\n\n\n\n<h4><strong>10. <\/strong>Briga o korisniku i pritu\u017ebe<\/h4>\n\n\n\n<p>10.1. Ukoliko Korisnik nije zadovoljan realizacijom i uslugom bilo kojeg dijela Rezervacije izvr\u0161ene putem Sebastus sailinga, mora prijaviti sve pritu\u017ebe na slu\u017ebenu e-mail adresu <a href=\"mailto:info@sebastus.com\">info@sebastus.com<\/a> u najkra\u0107em mogu\u0107em roku. Sebastus sailing \u0107e poku\u0161ati prona\u0107i odgovaraju\u0107e rje\u0161enje.<\/p>\n\n\n\n<h4>11. Ostalo<\/h4>\n\n\n\n<p>11.1 Sebastus sailing ima pravo ostvariti svoja prava ovim Op\u0107im uvjetima izravno i u svoje ime.<\/p>\n\n\n\n<p>11.2 Korisnik i Operator potvr\u0111uju da Sebastus sailing ne\u0107e biti nadle\u017ean niti se smatrati\u00a0odgovornim za bilo kakvu izmjenu, obustavu ili prestanak usluga dostupnih na ovoj \u00a0 Web stranici. Sebastus sailing ne garantira da \u0107e usluga od strane Operatora odgovarati potrebama Korisnika i Sebastus sailing nije odgovoran za neuspjeh ili nepotpunu izvedbu usluge ure\u0111ene ugovorom izme\u0111u Korisnika i Operatora.<\/p>\n\n\n\n<p>Sebastus sailing ne jam\u010di i ne odgovara Korisniku da se objavljene slike i podaci podudaraju sa stvarnim stanjem Plovila i da je Cijena i dostupnost a\u017eurirana na Web stranici. Operator je odgovoran za ispravnost i cjelovitost podataka (Cijena, dostupnost, itd.) koji su prikazani na Web stranici.<\/p>\n\n\n\n<p>11.3 Izvornik Op\u0107ih uvjeta <em>sebastus.com<\/em> napisan je na hrvatskom jeziku. Izvornik je preveden na druge jezike. Prevedene verzije smatraju se neslu\u017ebenim prijevodima i ne stvaraju pravne u\u010dinke. U slu\u010daju spora oko sadr\u017eaja ili tuma\u010denja ovih Op\u0107ih uvjeta, ili odre\u0111enih nedosljednosti ili nesporazuma izme\u0111u hrvatske verzije i ostalih verzija ovih Op\u0107ih uvjeta, hrvatski izvornik smatrati \u0107e se pravno va\u017ee\u0107im i primijeniti \u0107e se u skladu sa zakonom. Ukoliko na Web stranici odaberete hrvatski jezik, biti \u0107e vam dostupan izvornik Op\u0107ih uvjeta. Mo\u017eete tako\u0111er zatra\u017eiti i pisani izvornik Op\u0107ih uvjeta na hrvatskom jeziku.<\/p>\n","protected":false},"excerpt":{"rendered":"<p>1. Strane 1.1 Ovi Op\u0107i uvjeti i pravila kori\u0161tenja (dalje u tekstu: Op\u0107i uvjeti) reguliraju me\u0111usobna prava i obveze u odnosu na usluge koje pru\u017ea dru\u0161tvo Sebastus sailing d.o.o. (dalje u tekstu: Sebastus sailing), identifikacijski broj za PDV: HR06001546604, Ulica Franje Petra\u010di\u0107a 6, 10000 Zagreb, Hrvatska, putem svoje Web stranice<\/p>\n","protected":false},"author":1,"featured_media":1489,"parent":0,"menu_order":0,"comment_status":"closed","ping_status":"closed","template":"page-templates\/simple-content.php","meta":{"inline_featured_image":false},"acf":{"h1_override":"","h2_override":""},"_links":{"self":[{"href":"https:\/\/sebastus.com\/hr\/wp-json\/wp\/v2\/pages\/27585"}],"collection":[{"href":"https:\/\/sebastus.com\/hr\/wp-json\/wp\/v2\/pages"}],"about":[{"href":"https:\/\/sebastus.com\/hr\/wp-json\/wp\/v2\/types\/page"}],"author":[{"embeddable":true,"href":"https:\/\/sebastus.com\/hr\/wp-json\/wp\/v2\/users\/1"}],"replies":[{"embeddable":true,"href":"https:\/\/sebastus.com\/hr\/wp-json\/wp\/v2\/comments?post=27585"}],"version-history":[{"count":22,"href":"https:\/\/sebastus.com\/hr\/wp-json\/wp\/v2\/pages\/27585\/revisions"}],"predecessor-version":[{"id":27619,"href":"https:\/\/sebastus.com\/hr\/wp-json\/wp\/v2\/pages\/27585\/revisions\/27619"}],"wp:featuredmedia":[{"embeddable":true,"href":"https:\/\/sebastus.com\/hr\/wp-json\/wp\/v2\/media\/1489"}],"wp:attachment":[{"href":"https:\/\/sebastus.com\/hr\/wp-json\/wp\/v2\/media?parent=27585"}],"curies":[{"name":"wp","href":"https:\/\/api.w.org\/{rel}","templated":true}]}}