{"id":27893,"date":"2021-05-20T06:13:43","date_gmt":"2021-05-20T06:13:43","guid":{"rendered":"https:\/\/sebastus.com\/sitemap\/"},"modified":"2022-03-07T20:00:11","modified_gmt":"2022-03-07T20:00:11","slug":"sitemap","status":"publish","type":"page","link":"https:\/\/sebastus.com\/hr\/sitemap\/","title":{"rendered":"Mapa stranica"},"content":{"rendered":"\n<div class=\"wp-block-columns is-layout-flex wp-container-core-columns-is-layout-9d6595d7 wp-block-columns-is-layout-flex\">\n<div class=\"wp-block-column is-layout-flow wp-block-column-is-layout-flow\">\n<style>\n.wsp-category-title+ul {\n   margin-top: 16px;\n}\n.wsp-pages-list li, .wsp-posts-list li {\n   margin-bottom: 4px;\n}\n@media only screen and (min-width: 768px) {\n  .main-content {\n     margin: 32px auto;\n  }\n}\n@media only screen and (max-width: 768px) {\n  .main-content {\n     padding: 0 16px;\n  }\n}\n<\/style>\n<h1>Sitemap<\/h1>\n\n\n<div class=\"wsp-container\"><h2 class=\"wsp-pages-title\">Pages<\/h2>\n<ul class=\"wsp-pages-list\">\n<li class=\"page_item page-item-25831\"><a href=\"https:\/\/sebastus.com\/hr\/blog\/\">Blog<\/a><\/li>\n<li class=\"page_item page-item-43143\"><a href=\"https:\/\/sebastus.com\/hr\/custom-sitemap\/\">Custom Sitemap<\/a><\/li>\n<li class=\"page_item page-item-27525\"><a href=\"https:\/\/sebastus.com\/hr\/gastro-vinske-ture-jedrenje\/\">Gastro &#038; Vinske ture<\/a><\/li>\n<li class=\"page_item page-item-26800\"><a href=\"https:\/\/sebastus.com\/hr\/jedrenje-grcka\/\">Gr\u010dka<\/a><\/li>\n<li class=\"page_item page-item-25394 page_item_has_children\"><a href=\"https:\/\/sebastus.com\/hr\/jedrenje-hrvatska\/\">Hrvatska<\/a>\n<ul class='children'>\n\t<li class=\"page_item page-item-27859\"><a href=\"https:\/\/sebastus.com\/hr\/jedrenje-hrvatska\/dubrovnik-route\/\">Dubrova\u010dka ruta<\/a><\/li>\n<\/ul>\n<\/li>\n<li class=\"page_item page-item-26979\"><a href=\"https:\/\/sebastus.com\/hr\/jedrenje-italija\/\">Italija<\/a><\/li>\n<li class=\"page_item page-item-25090\"><a href=\"https:\/\/sebastus.com\/hr\/jedrenje-sa-prijateljima\/\">Jedrenje sa prijateljima<\/a><\/li>\n<li class=\"page_item page-item-22923\"><a href=\"https:\/\/sebastus.com\/hr\/jedrenje-obitelj-djeca\/\">Jedrenje za obitelji sa djecom<\/a><\/li>\n<li class=\"page_item page-item-24941 page_item_has_children\"><a href=\"https:\/\/sebastus.com\/hr\/jedrenje-karibi\/\">Karibi<\/a>\n<ul class='children'>\n\t<li class=\"page_item page-item-25381\"><a href=\"https:\/\/sebastus.com\/hr\/jedrenje-karibi\/jedrenje-bahami\/\">Bahami<\/a><\/li>\n\t<li class=\"page_item page-item-25233\"><a href=\"https:\/\/sebastus.com\/hr\/jedrenje-karibi\/caribbean-route\/\">BVI ruta<\/a><\/li>\n<\/ul>\n<\/li>\n<li class=\"page_item page-item-26665\"><a href=\"https:\/\/sebastus.com\/hr\/najam-plovila\/\">Najam brodova<\/a><\/li>\n<li class=\"page_item page-item-39812\"><a href=\"https:\/\/sebastus.com\/hr\/najam-kabine-na-plovilu\/\">Najam kabine<\/a><\/li>\n<li class=\"page_item page-item-24839\"><a href=\"https:\/\/sebastus.com\/hr\/o-nama\/\">O nama<\/a><\/li>\n<li class=\"page_item page-item-27585\"><a href=\"https:\/\/sebastus.com\/hr\/general-terms-conditions-of-use\/\">Op\u0107i uvjeti i pravila kori\u0161tenja<\/a><\/li>\n<li class=\"page_item page-item-24635\"><a href=\"https:\/\/sebastus.com\/hr\/personalizirano-jedrenje\/\">Personalizirano jedrenje<\/a><\/li>\n<li class=\"page_item page-item-24495\"><a href=\"https:\/\/sebastus.com\/hr\/\">Po\u010detna stranica<\/a><\/li>\n<li class=\"page_item page-item-27473\"><a href=\"https:\/\/sebastus.com\/hr\/privacy-policy\/\">Politika privatnosti<\/a><\/li>\n<li class=\"page_item page-item-27131\"><a href=\"https:\/\/sebastus.com\/hr\/romanticno-jedrenje-za-dvoje\/\">Romanti\u010dno jedrenje za dvoje<\/a><\/li>\n<li class=\"page_item page-item-35251\"><a href=\"https:\/\/sebastus.com\/hr\/sebastus-newsletter\/\">Sebastus newsletter<\/a><\/li>\n<li class=\"page_item page-item-27391\"><a href=\"https:\/\/sebastus.com\/hr\/jedrenje-spanjolska\/\">\u0160panjolska<\/a><\/li>\n<li class=\"page_item page-item-27622\"><a href=\"https:\/\/sebastus.com\/hr\/jedrenje-tajland\/\">Tajland<\/a><\/li>\n<li class=\"page_item page-item-27698\"><a href=\"https:\/\/sebastus.com\/hr\/jedrenje-turska\/\">Turska<\/a><\/li>\n<li class=\"page_item page-item-26670\"><a href=\"https:\/\/sebastus.com\/hr\/yacht-overview\/\">Yacht Overview<\/a><\/li>\n<li class=\"page_item page-item-26668\"><a href=\"https:\/\/sebastus.com\/hr\/najam-brodova\/\">Yacht Results<\/a><\/li>\n<\/ul>\n<h2 class=\"wsp-posts-title\">Posts by category<\/h2>\n<ul class=\"wsp-posts-list\">\n\t<li><strong class=\"wsp-category-title\">Category: <a href=\"https:\/\/sebastus.com\/hr\/category\/uncategorized-hr\/\">Uncategorized @hr<\/a><\/strong>\n<ul class=\"wsp-posts-list\">\t\t<li class=\"wsp-post\"><a href=\"https:\/\/sebastus.com\/hr\/intervju-sa-skipericom-zrinkom-hrvoj\/\" title=\"Upoznajte najvje\u0161tiju hrvatsku skipericu \u2013 intervju sa Zrinkom Hrvoj\">Upoznajte najvje\u0161tiju hrvatsku skipericu \u2013 intervju sa Zrinkom Hrvoj<\/a><\/li>\n\t\t<li class=\"wsp-post\"><a href=\"https:\/\/sebastus.com\/hr\/koliko-kosta-najam-jedrilice-u-hrvatskoj\/\" title=\"Koliko ko\u0161ta najam jedrilice u Hrvatskoj\">Koliko ko\u0161ta najam jedrilice u Hrvatskoj<\/a><\/li>\n\t\t<li class=\"wsp-post\"><a href=\"https:\/\/sebastus.com\/hr\/last-minute-jedrenje-najbolje-last-minute-ponude-carter-brodova\/\" title=\"Last minute jedrenje \u2013 najbolje last minute ponude \u010darter brodova\">Last minute jedrenje \u2013 najbolje last minute ponude \u010darter brodova<\/a><\/li>\n\t\t<li class=\"wsp-post\"><a href=\"https:\/\/sebastus.com\/hr\/jedrenje-izvan-sezone-najam-carter-jahti-na-mediteranu-u-podsezoni\/\" title=\"Jedrenje izvan sezone \u2013 Najam \u010darter jahti na Mediteranu u podsezoni\">Jedrenje izvan sezone \u2013 Najam \u010darter jahti na Mediteranu u podsezoni<\/a><\/li>\n\t\t<li class=\"wsp-post\"><a href=\"https:\/\/sebastus.com\/hr\/najam-jedrilice-bez-skipera\/\" title=\"Najam jedrilice bez skipera\">Najam jedrilice bez skipera<\/a><\/li>\n\t\t<li class=\"wsp-post\"><a href=\"https:\/\/sebastus.com\/hr\/charter-u-hrvatskoj\/\" title=\"Charter u Hrvatskoj\">Charter u Hrvatskoj<\/a><\/li>\n\t\t<li class=\"wsp-post\"><a href=\"https:\/\/sebastus.com\/hr\/troskovi-najma-jahte-koliko-iznosi-najam-jahte\/\" title=\"Tro\u0161kovi najma jahte: Koliko iznosi najam jahte\">Tro\u0161kovi najma jahte: Koliko iznosi najam jahte<\/a><\/li>\n\t\t<li class=\"wsp-post\"><a href=\"https:\/\/sebastus.com\/hr\/krstarenje-jadranom-top-7-odredista\/\" title=\"Krstarenje Jadranom. Ne propustite ovih 7 odredi\u0161ta.\">Krstarenje Jadranom. Ne propustite ovih 7 odredi\u0161ta.<\/a><\/li>\n\t\t<li class=\"wsp-post\"><a href=\"https:\/\/sebastus.com\/hr\/savjeti-prilikom-jedrenja-s-djecom\/\" title=\"Najbolji savjeti prilikom jedrenja s djecom\">Najbolji savjeti prilikom jedrenja s djecom<\/a><\/li>\n\t\t<li class=\"wsp-post\"><a href=\"https:\/\/sebastus.com\/hr\/5-reasons-why-you-dont-want-to-skip-a-skipper\/\" title=\"5 razloga za\u0161to ne \u017eelite presko\u010diti skipera\">5 razloga za\u0161to ne \u017eelite presko\u010diti skipera<\/a><\/li>\n\t\t<li class=\"wsp-post\"><a href=\"https:\/\/sebastus.com\/hr\/sebastus-story\/\" title=\"Pri\u010da o Sebastusu\">Pri\u010da o Sebastusu<\/a><\/li>\n\t\t<li class=\"wsp-post\"><a href=\"https:\/\/sebastus.com\/hr\/why-we-love-sailing-and-you-would-too\/\" title=\"Za\u0161to mi volimo jedrenje, a voljeli biste ga i vi\">Za\u0161to mi volimo jedrenje, a voljeli biste ga i vi<\/a><\/li>\n<\/ul><\/li>\n<\/ul>\n<\/div>\n\n\n\n<h1 id=\"\" class=\"page-headline\">\n    <\/h1>\n\n\n\n<p><\/p>\n<\/div>\n<\/div>\n\n\n\n<p><\/p>\n","protected":false},"excerpt":{"rendered":"<p>Sitemap<\/p>\n","protected":false},"author":1,"featured_media":0,"parent":0,"menu_order":0,"comment_status":"closed","ping_status":"closed","template":"","meta":{"_acf_changed":false,"inline_featured_image":false,"footnotes":""},"class_list":["post-27893","page","type-page","status-publish","hentry"],"acf":{"h1_override":"","h2_override":""},"aioseo_notices":[],"_links":{"self":[{"href":"https:\/\/sebastus.com\/hr\/wp-json\/wp\/v2\/pages\/27893","targetHints":{"allow":["GET"]}}],"collection":[{"href":"https:\/\/sebastus.com\/hr\/wp-json\/wp\/v2\/pages"}],"about":[{"href":"https:\/\/sebastus.com\/hr\/wp-json\/wp\/v2\/types\/page"}],"author":[{"embeddable":true,"href":"https:\/\/sebastus.com\/hr\/wp-json\/wp\/v2\/users\/1"}],"replies":[{"embeddable":true,"href":"https:\/\/sebastus.com\/hr\/wp-json\/wp\/v2\/comments?post=27893"}],"version-history":[{"count":1,"href":"https:\/\/sebastus.com\/hr\/wp-json\/wp\/v2\/pages\/27893\/revisions"}],"predecessor-version":[{"id":27894,"href":"https:\/\/sebastus.com\/hr\/wp-json\/wp\/v2\/pages\/27893\/revisions\/27894"}],"wp:attachment":[{"href":"https:\/\/sebastus.com\/hr\/wp-json\/wp\/v2\/media?parent=27893"}],"curies":[{"name":"wp","href":"https:\/\/api.w.org\/{rel}","templated":true}]}}